{"id":765,"date":"2023-01-13T14:12:43","date_gmt":"2023-01-13T14:12:43","guid":{"rendered":"https:\/\/dffl.dk\/?page_id=765"},"modified":"2026-02-09T09:51:33","modified_gmt":"2026-02-09T09:51:33","slug":"priser","status":"publish","type":"page","link":"https:\/\/dffl.dk\/?page_id=765","title":{"rendered":"Priser"},"content":{"rendered":"<h2 style=\"padding-left: 40px; text-align: left;\">Typer af medlemskaber:<\/h2>\n<h2 style=\"padding-left: 40px;\">&nbsp;<strong>Priser g\u00e6ldende fra 1-5-2023:<\/strong><\/h2>\n<ul>\n<li style=\"list-style-type: none;\">\n<ul>\n<li>Husstands medlemskab&nbsp; <strong>350 kr<\/strong>. pr. \u00bd-\u00e5r &#8211; f\u00f8rste \u00bd-\u00e5r dog <strong>700 kr.<\/strong><\/li>\n<li>Studie medlemskab <strong>275 kr.<\/strong> pr. \u00bd-\u00e5r &#8211; f\u00f8rste \u00bd-\u00e5r dog <strong>550 kr.<\/strong><\/li>\n<li>Pensionist medlemskab <strong>275 kr.<\/strong> pr. \u00bd-\u00e5r (g\u00e6lder ogs\u00e5 f\u00f8rtidspensionister) &#8211; f\u00f8rste \u00bd-\u00e5r dog <strong>550 kr.<\/strong><\/li>\n<li>Passiv medlemskab (kr\u00e6ver, at der <strong>ikke<\/strong> er igangv\u00e6rende sager) <strong>200 kr.<\/strong> pr. \u00bd-\u00e5r<\/li>\n<li>Erhvervs medlemskab <strong>800 kr.<\/strong> pr. \u00bd-\u00e5r &#8211; f\u00f8rste \u00bd-\u00e5r dog <strong>1.600 kr.<\/strong><\/li>\n<li>Gratis \u00bd-\u00e5rs medlemskab, hvis du er kommet til Danmark som flygtning. <a href=\"https:\/\/dffl.dk\/?page_id=537\">Ny i Danmark.<\/a><\/li>\n<\/ul>\n<\/li>\n<\/ul>\n<h2 style=\"padding-left: 40px; text-align: left;\">Till\u00e6gspriser:<\/h2>\n<ul>\n<li>Indbringelse af sag i huslejen\u00e6vnet 367 kr. (2026-pris)<\/li>\n<li>Indbringelse af sag i beboerklagen\u00e6vnet 172 kr. (2026 pris)<\/li>\n<li>Oprettelse af sag som medlem 250 kr.<\/li>\n<li>Deltagelse i syn (f.eks. ind- og fraflytningssyn) 500 kr. + kilometertakst efter statens g\u00e6ldende regler<\/li>\n<li>Sm\u00e5sag, der skal i boligretten, opkr\u00e6ves en retsafgift p\u00e5 750 kr<strong>. <\/strong>(<a href=\"https:\/\/domstol.dk\/alle-emner\/boligret\/\" target=\"_blank\" rel=\"noopener\">Sagen indberettes elektronisk<\/a>)<\/li>\n<\/ul>\n<h2 style=\"padding-left: 40px; text-align: left;\">Genveje:<\/h2>\n<ul>\n<li><a href=\"https:\/\/dffl.dk\/?page_id=370\">Tidsreservation (booking af tid for personlig fremm\u00f8de) &#8211; kr\u00e6ver n\u00f8dvendigvis ikke medlemskab<\/a><\/li>\n<li><a href=\"https:\/\/lronline.dk\/memberuserEditFrontend\">Oprettelse af medlemskab<\/a><\/li>\n<li><a href=\"https:\/\/dffl.dk\/?p=534\">\u00c5bningstider (telefon og fremm\u00f8de)<\/a><\/li>\n<\/ul>\n<p><a href=\"https:\/\/dffl.dk\/\"><img loading=\"lazy\" decoding=\"async\" class=\"alignnone wp-image-625\" src=\"https:\/\/dffl.dk\/wp-content\/uploads\/2022\/06\/DFFL-LOGO-40-x-40-m.-hvid-skrift-300x300.jpg\" alt=\"\" width=\"120\" height=\"120\" srcset=\"https:\/\/dffl.dk\/wp-content\/uploads\/2022\/06\/DFFL-LOGO-40-x-40-m.-hvid-skrift-300x300.jpg 300w, https:\/\/dffl.dk\/wp-content\/uploads\/2022\/06\/DFFL-LOGO-40-x-40-m.-hvid-skrift-150x150.jpg 150w, https:\/\/dffl.dk\/wp-content\/uploads\/2022\/06\/DFFL-LOGO-40-x-40-m.-hvid-skrift-100x100.jpg 100w, https:\/\/dffl.dk\/wp-content\/uploads\/2022\/06\/DFFL-LOGO-40-x-40-m.-hvid-skrift-200x200.jpg 200w, https:\/\/dffl.dk\/wp-content\/uploads\/2022\/06\/DFFL-LOGO-40-x-40-m.-hvid-skrift.jpg 396w\" sizes=\"auto, (max-width: 120px) 100vw, 120px\" \/><\/a><\/p>\n","protected":false},"excerpt":{"rendered":"<p>Typer af medlemskaber: &nbsp;Priser g\u00e6ldende fra 1-5-2023: Husstands medlemskab&nbsp; 350 kr. pr. \u00bd-\u00e5r &#8211; f\u00f8rste \u00bd-\u00e5r dog 700 kr. Studie medlemskab 275 kr. pr. \u00bd-\u00e5r &#8211; f\u00f8rste \u00bd-\u00e5r dog 550 kr. Pensionist medlemskab 275 kr. pr. \u00bd-\u00e5r (g\u00e6lder ogs\u00e5 f\u00f8rtidspensionister) &hellip;<\/p>\n<p class=\"read-more\"> <a class=\"more-link\" href=\"https:\/\/dffl.dk\/?page_id=765\"> <span class=\"screen-reader-text\">Priser<\/span> Read More &raquo;<\/a><\/p>\n","protected":false},"author":1,"featured_media":0,"parent":0,"menu_order":0,"comment_status":"closed","ping_status":"closed","template":"","meta":{"_stc_notifier_status":"","_stc_notifier_sent_time":"","_stc_notifier_request":false,"_stc_notifier_prevent":false,"_stc_subscriber_keywords":"","_stc_subscriber_search_areas":"","om_disable_all_campaigns":false,"_monsterinsights_skip_tracking":false,"_monsterinsights_sitenote_active":false,"_monsterinsights_sitenote_note":"","_monsterinsights_sitenote_category":0,"ngg_post_thumbnail":0,"footnotes":""},"class_list":["post-765","page","type-page","status-publish","hentry"],"aioseo_notices":[],"_links":{"self":[{"href":"https:\/\/dffl.dk\/index.php?rest_route=\/wp\/v2\/pages\/765","targetHints":{"allow":["GET"]}}],"collection":[{"href":"https:\/\/dffl.dk\/index.php?rest_route=\/wp\/v2\/pages"}],"about":[{"href":"https:\/\/dffl.dk\/index.php?rest_route=\/wp\/v2\/types\/page"}],"author":[{"embeddable":true,"href":"https:\/\/dffl.dk\/index.php?rest_route=\/wp\/v2\/users\/1"}],"replies":[{"embeddable":true,"href":"https:\/\/dffl.dk\/index.php?rest_route=%2Fwp%2Fv2%2Fcomments&post=765"}],"version-history":[{"count":12,"href":"https:\/\/dffl.dk\/index.php?rest_route=\/wp\/v2\/pages\/765\/revisions"}],"predecessor-version":[{"id":1001,"href":"https:\/\/dffl.dk\/index.php?rest_route=\/wp\/v2\/pages\/765\/revisions\/1001"}],"wp:attachment":[{"href":"https:\/\/dffl.dk\/index.php?rest_route=%2Fwp%2Fv2%2Fmedia&parent=765"}],"curies":[{"name":"wp","href":"https:\/\/api.w.org\/{rel}","templated":true}]}}