{"id":753,"date":"2022-11-16T12:26:56","date_gmt":"2022-11-16T12:26:56","guid":{"rendered":"https:\/\/dffl.dk\/?page_id=753"},"modified":"2026-04-20T08:19:57","modified_gmt":"2026-04-20T08:19:57","slug":"pjecer","status":"publish","type":"page","link":"https:\/\/dffl.dk\/?page_id=753","title":{"rendered":"Pjecer"},"content":{"rendered":"<h3><a href=\"https:\/\/dffl.dk\/wp-content\/uploads\/2026\/04\/Pjece-fugt-lejer-dansk.pdf\" target=\"_blank\" rel=\"noopener\">Fugt &#8211; er din bolig muggen?<\/a><\/h3>\n<h3><a href=\"https:\/\/dffl.dk\/wp-content\/uploads\/2026\/02\/Genhusning.pdf\" target=\"_blank\" rel=\"noopener\">Genhusning generelt<\/a><\/h3>\n<h3><a href=\"https:\/\/dffl.dk\/wp-content\/uploads\/2026\/02\/Genhusning-ved-skimmelsvamp.pdf\" target=\"_blank\" rel=\"noopener\">Genhusning ved skimmelsvamp<\/a><\/h3>\n<h3><a href=\"https:\/\/dffl.dk\/wp-content\/uploads\/2023\/11\/Pjece-DFFL-19-11-2023-PDF.pdf\" target=\"_blank\" rel=\"noopener\">Har du problemer med din udlejer?<\/a><\/h3>\n<h3><a href=\"https:\/\/dffl.dk\/wp-content\/uploads\/2026\/04\/naboroeg-vandrer-fra-lejlighed-til-lejlighed.pdf\" target=\"_blank\" rel=\"noopener\">Nabor\u00f8g og generende lugte<\/a><\/h3>\n<h3><a href=\"https:\/\/dffl.dk\/wp-content\/uploads\/2026\/04\/Paabudt-vedligeholdelse-efter-huslejenaevns-afgoerelse.pdf\" target=\"_blank\" rel=\"noopener\">P\u00e5budt vedligeholdelse efter n\u00e6vnsafg\u00f8relse<\/a><\/h3>\n<h3><a href=\"https:\/\/dffl.dk\/wp-content\/uploads\/2022\/11\/Skimmel-og-mug-pjece.pdf\" target=\"_blank\" rel=\"noopener\">Skimmel og mug pjece<\/a><\/h3>\n<h3><a href=\"https:\/\/dffl.dk\/wp-content\/uploads\/2026\/04\/Skimmelsvampe.pdf\" target=\"_blank\" rel=\"noopener\">Skimmelsvamp &#8211; hvad g\u00f8r jeg?<\/a><\/h3>\n<h3><a href=\"https:\/\/dffl.dk\/wp-content\/uploads\/2026\/04\/Varmeregnskab.pdf\" target=\"_blank\" rel=\"noopener\">Varmeregnskab &#8211; l\u00e6s og forst\u00e5 det<\/a><\/h3>\n<h3><a href=\"https:\/\/dffl.dk\/wp-content\/uploads\/2026\/04\/Vedligeholdelsesregnskab-laes-og-forstaa.pdf\" target=\"_blank\" rel=\"noopener\">Vedligeholdelsesregnskab &#8211; s\u00e5dan l\u00e6ser du det<\/a><\/h3>\n","protected":false},"excerpt":{"rendered":"<p>Fugt &#8211; er din bolig muggen? Genhusning generelt Genhusning ved skimmelsvamp Har du problemer med din udlejer? Nabor\u00f8g og generende lugte P\u00e5budt vedligeholdelse efter n\u00e6vnsafg\u00f8relse Skimmel og mug pjece Skimmelsvamp &#8211; hvad g\u00f8r jeg? Varmeregnskab &#8211; l\u00e6s og forst\u00e5 det &hellip;<\/p>\n<p class=\"read-more\"> <a class=\"more-link\" href=\"https:\/\/dffl.dk\/?page_id=753\"> <span class=\"screen-reader-text\">Pjecer<\/span> Read More &raquo;<\/a><\/p>\n","protected":false},"author":1,"featured_media":0,"parent":0,"menu_order":0,"comment_status":"closed","ping_status":"closed","template":"","meta":{"_stc_notifier_status":"","_stc_notifier_sent_time":"","_stc_notifier_request":false,"_stc_notifier_prevent":false,"_stc_subscriber_keywords":"","_stc_subscriber_search_areas":"","om_disable_all_campaigns":false,"_monsterinsights_skip_tracking":false,"_monsterinsights_sitenote_active":false,"_monsterinsights_sitenote_note":"","_monsterinsights_sitenote_category":0,"ngg_post_thumbnail":0,"footnotes":""},"class_list":["post-753","page","type-page","status-publish","hentry"],"aioseo_notices":[],"_links":{"self":[{"href":"https:\/\/dffl.dk\/index.php?rest_route=\/wp\/v2\/pages\/753","targetHints":{"allow":["GET"]}}],"collection":[{"href":"https:\/\/dffl.dk\/index.php?rest_route=\/wp\/v2\/pages"}],"about":[{"href":"https:\/\/dffl.dk\/index.php?rest_route=\/wp\/v2\/types\/page"}],"author":[{"embeddable":true,"href":"https:\/\/dffl.dk\/index.php?rest_route=\/wp\/v2\/users\/1"}],"replies":[{"embeddable":true,"href":"https:\/\/dffl.dk\/index.php?rest_route=%2Fwp%2Fv2%2Fcomments&post=753"}],"version-history":[{"count":18,"href":"https:\/\/dffl.dk\/index.php?rest_route=\/wp\/v2\/pages\/753\/revisions"}],"predecessor-version":[{"id":1049,"href":"https:\/\/dffl.dk\/index.php?rest_route=\/wp\/v2\/pages\/753\/revisions\/1049"}],"wp:attachment":[{"href":"https:\/\/dffl.dk\/index.php?rest_route=%2Fwp%2Fv2%2Fmedia&parent=753"}],"curies":[{"name":"wp","href":"https:\/\/api.w.org\/{rel}","templated":true}]}}