{"id":537,"date":"2022-06-04T10:36:00","date_gmt":"2022-06-04T10:36:00","guid":{"rendered":"https:\/\/dffl.dk\/?page_id=537"},"modified":"2022-08-19T11:25:17","modified_gmt":"2022-08-19T11:25:17","slug":"ny-i-danmark","status":"publish","type":"page","link":"https:\/\/dffl.dk\/?page_id=537","title":{"rendered":"Ny i Danmark"},"content":{"rendered":"<h2>Velkommen til Danmark som flygtning<\/h2>\n<h3><span style=\"color: #ff6600;\">V\u00e6lg sprog i \u00f8verste h\u00f8jre hj\u00f8rne. <span class=\"Y2IQFc\" lang=\"en\">Select the language in the upper right corner.<\/span><\/span><\/h3>\n<p><img loading=\"lazy\" decoding=\"async\" class=\"size-full wp-image-623 aligncenter\" src=\"https:\/\/dffl.dk\/wp-content\/uploads\/2022\/06\/DFFL-LOGO-10-x-10-m.-hvid-skrift.jpg\" alt=\"\" width=\"99\" height=\"99\"><\/p>\n<p>DFFL &#8211; <strong>De Forenede Frie Lejere<\/strong> &#8211; tilbyder nye flygtninge fra et andet land, der er i krig, et gratis \u00bd-\u00e5rs medlemskab, hvilket g\u00e6lder for hele familien i lejem\u00e5let.&nbsp;<\/p>\n<h2>L\u00e6s mere i pjecen &#8220;<strong><a href=\"https:\/\/dffl.dk\/wp-content\/uploads\/2022\/08\/Pjece-DFFL-dansk-Ny-i-danmark.pdf\" target=\"_blank\" rel=\"noopener\">Ny i&nbsp; Danmark<\/a><\/strong>&#8220;.<\/h2>\n<p>Vi hj\u00e6lper dig, hvis du f\u00e5r eller har et problem med din udlejer eller blot er i tvivl om dine rettigheder i forhold til dansk lejelov.<\/p>\n<p>Alle skal have ret til en god bolig, og den skal v\u00e6re et hjem for dig og din familie, hvor man trives og f\u00f8ler sig godt tilpas.<\/p>\n<noscript class=\"ninja-forms-noscript-message\">\n\tBem\u00e6rk: JavaScript er n\u00f8dvendig til dette indhold.<\/noscript>\n<div id=\"nf-form-2-cont\" class=\"nf-form-cont\" aria-live=\"polite\" aria-labelledby=\"nf-form-title-2\" aria-describedby=\"nf-form-errors-2\" role=\"form\">\n\n    <div class=\"nf-loading-spinner\"><\/div>\n\n<\/div>\n        <!-- That data is being printed as a workaround to page builders reordering the order of the scripts loaded-->\n        <script>var formDisplay=1;var nfForms=nfForms||[];var form=[];form.id='2';form.settings={\"objectType\":\"Form Setting\",\"editActive\":true,\"title\":\"Ny i Danmark\",\"show_title\":1,\"allow_public_link\":0,\"embed_form\":\"\",\"clear_complete\":1,\"hide_complete\":1,\"default_label_pos\":\"above\",\"wrapper_class\":\"\",\"element_class\":\"\",\"key\":\"\",\"add_submit\":0,\"changeEmailErrorMsg\":\"Angiv en gyldig e-mailadresse!\",\"changeDateErrorMsg\":\"Please enter a valid date!\",\"confirmFieldErrorMsg\":\"Disse felter skal v\\u00e6re identiske!\",\"fieldNumberNumMinError\":\"Antal min. fejl\",\"fieldNumberNumMaxError\":\"Antal maks. fejl\",\"fieldNumberIncrementBy\":\"\\u00d8g med \",\"formErrorsCorrectErrors\":\"Ret fejlene, f\\u00f8r indsendelse af formularen.\",\"validateRequiredField\":\"Dette er et p\\u00e5kr\\u00e6vet felt.\",\"honeypotHoneypotError\":\"Honeypot-fejl\",\"fieldsMarkedRequired\":\"Felter markeret med en <span class=\\\"ninja-forms-req-symbol\\\">*<\\\/span> skal udfyldes\",\"currency\":\"\",\"unique_field_error\":\"A form with this value has already been submitted.\",\"logged_in\":false,\"not_logged_in_msg\":\"\",\"sub_limit_msg\":\"The form has reached its submission limit.\",\"calculations\":[],\"formContentData\":[\"date_time_-_udfyld_blanketten_herunder_for_oprettelse_af_et_gratis_medlemskab_1654869233007\",\"fornavn_firstname_1609530576981\",\"efternavn_subname_1609530587068\",\"adresse_address_1609530594428\",\"postnummer_og_by_postcode_and_city_1609530622848\",\"tlf_phone_1609530632456\",\"email_1609521202066\",\"medlemskab_membership_1609608786655\",\"lejemal_type_of_lease_1609608803662\",\"eventuel_kommentar_1654869717114\",\"send_submit_1609531102460\"],\"drawerDisabled\":false,\"public_link\":\"http:\\\/\\\/dffl.dk\\\/ninja-forms\\\/2d574\",\"public_link_key\":\"2d574\",\"repeatable_fieldsets\":\"\",\"ninjaForms\":\"Ninja-formularer\",\"fieldTextareaRTEInsertLink\":\"Inds\\u00e6t link\",\"fieldTextareaRTEInsertMedia\":\"Inds\\u00e6t medie\",\"fieldTextareaRTESelectAFile\":\"V&aelig;lg en fil\",\"formHoneypot\":\"Hvis du er et menneske og kan se dette felt, skal du lade det v\\u00e6re tomt.\",\"fileUploadOldCodeFileUploadInProgress\":\"Filoverf\\u00f8rsel er i gang.\",\"fileUploadOldCodeFileUpload\":\"OVERF\\u00d8RSEL AF FIL\",\"currencySymbol\":\"DKK\",\"thousands_sep\":\".\",\"decimal_point\":\",\",\"siteLocale\":\"da_DK\",\"dateFormat\":\"m\\\/d\\\/Y\",\"startOfWeek\":\"1\",\"of\":\"af\",\"previousMonth\":\"Previous Month\",\"nextMonth\":\"Next Month\",\"months\":[\"January\",\"February\",\"March\",\"April\",\"May\",\"June\",\"July\",\"August\",\"September\",\"October\",\"November\",\"December\"],\"monthsShort\":[\"Jan\",\"Feb\",\"Mar\",\"Apr\",\"May\",\"Jun\",\"Jul\",\"Aug\",\"Sep\",\"Oct\",\"Nov\",\"Dec\"],\"weekdays\":[\"Sunday\",\"Monday\",\"Tuesday\",\"Wednesday\",\"Thursday\",\"Friday\",\"Saturday\"],\"weekdaysShort\":[\"Sun\",\"Mon\",\"Tue\",\"Wed\",\"Thu\",\"Fri\",\"Sat\"],\"weekdaysMin\":[\"Su\",\"Mo\",\"Tu\",\"We\",\"Th\",\"Fr\",\"Sa\"],\"recaptchaConsentMissing\":\"reCaptcha validation couldn&#039;t load.\",\"recaptchaMissingCookie\":\"reCaptcha v3 validation couldn&#039;t load the cookie needed to submit the form.\",\"recaptchaConsentEvent\":\"Accept reCaptcha cookies before sending the form.\",\"currency_symbol\":\"\",\"beforeForm\":\"\",\"beforeFields\":\"\",\"afterFields\":\"\",\"afterForm\":\"\"};form.fields=[{\"objectType\":\"Field\",\"objectDomain\":\"fields\",\"editActive\":false,\"order\":1,\"idAttribute\":\"id\",\"type\":\"date\",\"label\":\"Date\\\/Time - Udfyld blanketten herunder for oprettelse af et gratis medlemskab.\",\"key\":\"date_time_-_udfyld_blanketten_herunder_for_oprettelse_af_et_gratis_medlemskab_1654869233007\",\"label_pos\":\"above\",\"required\":false,\"placeholder\":\"\",\"container_class\":\"\",\"element_class\":\"\",\"manual_key\":false,\"admin_label\":\"\",\"help_text\":\"\",\"desc_text\":\"<p>Er du flygtning fra et andet land, kan du her tegne et gratis medlemskab g\\u00e6ldende for 6 m\\u00e5neder.<\\\/p>\",\"date_mode\":\"date_only\",\"date_format\":\"default\",\"year_range_start\":\"\",\"year_range_end\":\"\",\"hours_24\":0,\"minute_increment\":5,\"drawerDisabled\":false,\"id\":37,\"beforeField\":\"\",\"afterField\":\"\",\"value\":\"\",\"parentType\":\"date\",\"element_templates\":[\"date\",\"textbox\",\"input\"],\"old_classname\":\"\",\"wrap_template\":\"wrap\"},{\"objectType\":\"Field\",\"objectDomain\":\"fields\",\"editActive\":false,\"order\":2,\"idAttribute\":\"id\",\"type\":\"firstname\",\"label\":\"Fornavn \\\/ Firstname\",\"key\":\"fornavn_firstname_1609530576981\",\"label_pos\":\"above\",\"required\":1,\"default\":\"\",\"placeholder\":\"\",\"container_class\":\"\",\"element_class\":\"\",\"admin_label\":\"\",\"help_text\":\"\",\"custom_name_attribute\":\"fname\",\"personally_identifiable\":1,\"value\":\"\",\"drawerDisabled\":false,\"id\":5,\"beforeField\":\"\",\"afterField\":\"\",\"parentType\":\"firstname\",\"element_templates\":[\"firstname\",\"input\"],\"old_classname\":\"\",\"wrap_template\":\"wrap\"},{\"objectType\":\"Field\",\"objectDomain\":\"fields\",\"editActive\":false,\"order\":3,\"idAttribute\":\"id\",\"type\":\"lastname\",\"label\":\"Efternavn \\\/ Subname\",\"key\":\"efternavn_subname_1609530587068\",\"label_pos\":\"above\",\"required\":1,\"default\":\"\",\"placeholder\":\"\",\"container_class\":\"\",\"element_class\":\"\",\"admin_label\":\"\",\"help_text\":\"\",\"custom_name_attribute\":\"lname\",\"personally_identifiable\":1,\"value\":\"\",\"drawerDisabled\":false,\"id\":6,\"beforeField\":\"\",\"afterField\":\"\",\"parentType\":\"lastname\",\"element_templates\":[\"lastname\",\"input\"],\"old_classname\":\"\",\"wrap_template\":\"wrap\"},{\"objectType\":\"Field\",\"objectDomain\":\"fields\",\"editActive\":false,\"order\":4,\"idAttribute\":\"id\",\"type\":\"address\",\"label\":\"Adresse \\\/ Address\",\"key\":\"adresse_address_1609530594428\",\"label_pos\":\"above\",\"required\":1,\"default\":\"\",\"placeholder\":\"\",\"container_class\":\"\",\"element_class\":\"\",\"input_limit\":\"\",\"input_limit_type\":\"characters\",\"input_limit_msg\":\"Tegn tilbage\",\"manual_key\":false,\"admin_label\":\"\",\"help_text\":\"\",\"mask\":\"\",\"custom_mask\":\"\",\"custom_name_attribute\":\"address\",\"personally_identifiable\":1,\"value\":\"\",\"id\":7,\"beforeField\":\"\",\"afterField\":\"\",\"parentType\":\"address\",\"element_templates\":[\"address\",\"textbox\",\"input\"],\"old_classname\":\"\",\"wrap_template\":\"wrap\"},{\"objectType\":\"Field\",\"objectDomain\":\"fields\",\"editActive\":false,\"order\":5,\"idAttribute\":\"id\",\"type\":\"city\",\"label\":\"Postnummer og By \\\/ Postcode and City\",\"key\":\"postnummer_og_by_postcode_and_city_1609530622848\",\"label_pos\":\"above\",\"required\":1,\"default\":\"\",\"placeholder\":\"\",\"container_class\":\"\",\"element_class\":\"\",\"input_limit\":\"\",\"input_limit_type\":\"characters\",\"input_limit_msg\":\"Tegn tilbage\",\"manual_key\":false,\"admin_label\":\"\",\"help_text\":\"\",\"mask\":\"\",\"custom_mask\":\"\",\"custom_name_attribute\":\"city\",\"personally_identifiable\":\"\",\"value\":\"\",\"id\":8,\"beforeField\":\"\",\"afterField\":\"\",\"parentType\":\"city\",\"element_templates\":[\"city\",\"textbox\",\"input\"],\"old_classname\":\"\",\"wrap_template\":\"wrap\"},{\"objectType\":\"Field\",\"objectDomain\":\"fields\",\"editActive\":false,\"order\":6,\"idAttribute\":\"id\",\"type\":\"phone\",\"label\":\"Tlf. \\\/ Phone\",\"key\":\"tlf_phone_1609530632456\",\"label_pos\":\"above\",\"required\":1,\"default\":\"\",\"placeholder\":\"\",\"container_class\":\"\",\"element_class\":\"\",\"input_limit\":\"\",\"input_limit_type\":\"characters\",\"input_limit_msg\":\"Tegn tilbage\",\"manual_key\":false,\"admin_label\":\"\",\"help_text\":\"\",\"mask\":\"\",\"custom_mask\":\"\",\"custom_name_attribute\":\"phone\",\"personally_identifiable\":1,\"value\":\"\",\"id\":9,\"beforeField\":\"\",\"afterField\":\"\",\"parentType\":\"textbox\",\"element_templates\":[\"tel\",\"textbox\",\"input\"],\"old_classname\":\"\",\"wrap_template\":\"wrap\"},{\"objectType\":\"Field\",\"objectDomain\":\"fields\",\"editActive\":false,\"order\":7,\"idAttribute\":\"id\",\"type\":\"email\",\"label\":\"E-mail\",\"key\":\"email_1609521202066\",\"label_pos\":\"above\",\"required\":1,\"default\":\"\",\"placeholder\":\"\",\"container_class\":\"\",\"element_class\":\"\",\"admin_label\":\"\",\"help_text\":\"\",\"custom_name_attribute\":\"email\",\"personally_identifiable\":1,\"value\":\"\",\"desc_text\":\"<p>Hvis der angives en fejlagtig mail, bliver dit medlemskab desv\\u00e6rre ikke oprettet!<br>In case of incorrect entry of mail, your membership will not be created!<\\\/p>\",\"drawerDisabled\":false,\"id\":10,\"beforeField\":\"\",\"afterField\":\"\",\"parentType\":\"email\",\"element_templates\":[\"email\",\"input\"],\"old_classname\":\"\",\"wrap_template\":\"wrap\"},{\"objectType\":\"Field\",\"objectDomain\":\"fields\",\"editActive\":false,\"order\":8,\"idAttribute\":\"id\",\"type\":\"listselect\",\"label\":\"Medlemskab \\\/ membership\",\"key\":\"medlemskab_membership_1609608786655\",\"label_pos\":\"above\",\"required\":1,\"options\":[{\"errors\":[],\"max_options\":0,\"order\":4,\"new\":false,\"options\":[],\"label\":\"Ny i Danmark - \\u00bd-\\u00e5rs gratis medlemskab\",\"value\":\"ny-i-danmark-ars-gratis-medlemskab\",\"calc\":\"\",\"selected\":1,\"settingModel\":{\"settings\":false,\"hide_merge_tags\":false,\"error\":false,\"name\":\"options\",\"type\":\"option-repeater\",\"label\":\"Valg <a href=\\\"#\\\" class=\\\"nf-add-new\\\">Tilf&oslash;j ny<\\\/a> <a href=\\\"#\\\" class=\\\"extra nf-open-import-tooltip\\\"><i class=\\\"fa fa-sign-in\\\" aria-hidden=\\\"true\\\"><\\\/i> Import\\u00e9r<\\\/a>\",\"width\":\"full\",\"group\":\"\",\"value\":[{\"label\":\"En\",\"value\":\"en\",\"calc\":\"\",\"selected\":0,\"order\":0},{\"label\":\"To\",\"value\":\"to\",\"calc\":\"\",\"selected\":0,\"order\":1},{\"label\":\"Tre\",\"value\":\"tre\",\"calc\":\"\",\"selected\":0,\"order\":2}],\"columns\":{\"label\":{\"header\":\"Etiket\",\"default\":\"\"},\"value\":{\"header\":\"V&aelig;rdi\",\"default\":\"\"},\"calc\":{\"header\":\"Beregnet v\\u00e6rdi\",\"default\":\"\"},\"selected\":{\"header\":\"<span class=\\\"dashicons dashicons-yes\\\"><\\\/span>\",\"default\":0}}}},{\"errors\":[],\"max_options\":0,\"order\":5,\"new\":false,\"options\":[],\"label\":\"Passiv medlemskab 200,- kr. pr. \\u00bd-\\u00e5r\",\"value\":\"passiv-medlemskab-200-kr-pr-ar\",\"calc\":\"\",\"selected\":0,\"settingModel\":{\"settings\":false,\"hide_merge_tags\":false,\"error\":false,\"name\":\"options\",\"type\":\"option-repeater\",\"label\":\"Valg <a href=\\\"#\\\" class=\\\"nf-add-new\\\">Tilf&oslash;j ny<\\\/a> <a href=\\\"#\\\" class=\\\"extra nf-open-import-tooltip\\\"><i class=\\\"fa fa-sign-in\\\" aria-hidden=\\\"true\\\"><\\\/i> Import\\u00e9r<\\\/a>\",\"width\":\"full\",\"group\":\"\",\"value\":[{\"label\":\"En\",\"value\":\"en\",\"calc\":\"\",\"selected\":0,\"order\":0},{\"label\":\"To\",\"value\":\"to\",\"calc\":\"\",\"selected\":0,\"order\":1},{\"label\":\"Tre\",\"value\":\"tre\",\"calc\":\"\",\"selected\":0,\"order\":2}],\"columns\":{\"label\":{\"header\":\"Etiket\",\"default\":\"\"},\"value\":{\"header\":\"V&aelig;rdi\",\"default\":\"\"},\"calc\":{\"header\":\"Beregnet v\\u00e6rdi\",\"default\":\"\"},\"selected\":{\"header\":\"<span class=\\\"dashicons dashicons-yes\\\"><\\\/span>\",\"default\":0}}}}],\"container_class\":\"\",\"element_class\":\"\",\"admin_label\":\"\",\"help_text\":\"\",\"desc_text\":\"<p><b>V\\u00e6lg dit medlemskab herunder:<\\\/b><br><\\\/p><p><b>Choise your type of membership:<\\\/b><br><\\\/p><p><br><\\\/p>\",\"drawerDisabled\":false,\"id\":11,\"beforeField\":\"\",\"afterField\":\"\",\"value\":\"\",\"parentType\":\"list\",\"element_templates\":[\"listselect\",\"input\"],\"old_classname\":\"list-select\",\"wrap_template\":\"wrap\"},{\"objectType\":\"Field\",\"objectDomain\":\"fields\",\"editActive\":false,\"order\":9,\"idAttribute\":\"id\",\"type\":\"listselect\",\"label\":\"Lejem\\u00e5l \\\/ type of lease\",\"key\":\"lejemal_type_of_lease_1609608803662\",\"label_pos\":\"above\",\"required\":1,\"options\":[{\"errors\":[],\"max_options\":0,\"label\":\"Privat lejem\\u00e5l\",\"value\":\"privat-lejemal\",\"calc\":\"\",\"selected\":1,\"order\":0,\"settingModel\":{\"settings\":false,\"hide_merge_tags\":false,\"error\":false,\"name\":\"options\",\"type\":\"option-repeater\",\"label\":\"Valg <a href=\\\"#\\\" class=\\\"nf-add-new\\\">Tilf&oslash;j ny<\\\/a> <a href=\\\"#\\\" class=\\\"extra nf-open-import-tooltip\\\"><i class=\\\"fa fa-sign-in\\\" aria-hidden=\\\"true\\\"><\\\/i> Import\\u00e9r<\\\/a>\",\"width\":\"full\",\"group\":\"\",\"value\":[{\"label\":\"En\",\"value\":\"en\",\"calc\":\"\",\"selected\":0,\"order\":0},{\"label\":\"To\",\"value\":\"to\",\"calc\":\"\",\"selected\":0,\"order\":1},{\"label\":\"Tre\",\"value\":\"tre\",\"calc\":\"\",\"selected\":0,\"order\":2}],\"columns\":{\"label\":{\"header\":\"Etiket\",\"default\":\"\"},\"value\":{\"header\":\"V&aelig;rdi\",\"default\":\"\"},\"calc\":{\"header\":\"Beregnet v\\u00e6rdi\",\"default\":\"\"},\"selected\":{\"header\":\"<span class=\\\"dashicons dashicons-yes\\\"><\\\/span>\",\"default\":0}}}},{\"errors\":[],\"max_options\":0,\"label\":\"Almen lejem\\u00e5l\",\"value\":\"almen-lejemal\",\"calc\":\"\",\"selected\":0,\"order\":1,\"settingModel\":{\"settings\":false,\"hide_merge_tags\":false,\"error\":false,\"name\":\"options\",\"type\":\"option-repeater\",\"label\":\"Valg <a href=\\\"#\\\" class=\\\"nf-add-new\\\">Tilf&oslash;j ny<\\\/a> <a href=\\\"#\\\" class=\\\"extra nf-open-import-tooltip\\\"><i class=\\\"fa fa-sign-in\\\" aria-hidden=\\\"true\\\"><\\\/i> Import\\u00e9r<\\\/a>\",\"width\":\"full\",\"group\":\"\",\"value\":[{\"label\":\"En\",\"value\":\"en\",\"calc\":\"\",\"selected\":0,\"order\":0},{\"label\":\"To\",\"value\":\"to\",\"calc\":\"\",\"selected\":0,\"order\":1},{\"label\":\"Tre\",\"value\":\"tre\",\"calc\":\"\",\"selected\":0,\"order\":2}],\"columns\":{\"label\":{\"header\":\"Etiket\",\"default\":\"\"},\"value\":{\"header\":\"V&aelig;rdi\",\"default\":\"\"},\"calc\":{\"header\":\"Beregnet v\\u00e6rdi\",\"default\":\"\"},\"selected\":{\"header\":\"<span class=\\\"dashicons dashicons-yes\\\"><\\\/span>\",\"default\":0}}}},{\"errors\":[],\"max_options\":0,\"label\":\"Erhvervs lejem\\u00e5l\",\"value\":\"erhvervs-lejemal\",\"calc\":\"\",\"selected\":0,\"order\":2,\"settingModel\":{\"settings\":false,\"hide_merge_tags\":false,\"error\":false,\"name\":\"options\",\"type\":\"option-repeater\",\"label\":\"Valg <a href=\\\"#\\\" class=\\\"nf-add-new\\\">Tilf&oslash;j ny<\\\/a> <a href=\\\"#\\\" class=\\\"extra nf-open-import-tooltip\\\"><i class=\\\"fa fa-sign-in\\\" aria-hidden=\\\"true\\\"><\\\/i> Import\\u00e9r<\\\/a>\",\"width\":\"full\",\"group\":\"\",\"value\":[{\"label\":\"En\",\"value\":\"en\",\"calc\":\"\",\"selected\":0,\"order\":0},{\"label\":\"To\",\"value\":\"to\",\"calc\":\"\",\"selected\":0,\"order\":1},{\"label\":\"Tre\",\"value\":\"tre\",\"calc\":\"\",\"selected\":0,\"order\":2}],\"columns\":{\"label\":{\"header\":\"Etiket\",\"default\":\"\"},\"value\":{\"header\":\"V&aelig;rdi\",\"default\":\"\"},\"calc\":{\"header\":\"Beregnet v\\u00e6rdi\",\"default\":\"\"},\"selected\":{\"header\":\"<span class=\\\"dashicons dashicons-yes\\\"><\\\/span>\",\"default\":0}}}},{\"errors\":[],\"max_options\":0,\"order\":3,\"new\":false,\"options\":[],\"label\":\"Andels lejem\\u00e5l\",\"value\":\"andels-lejemal\",\"calc\":\"\",\"selected\":0,\"settingModel\":{\"settings\":false,\"hide_merge_tags\":false,\"error\":false,\"name\":\"options\",\"type\":\"option-repeater\",\"label\":\"Valg <a href=\\\"#\\\" class=\\\"nf-add-new\\\">Tilf&oslash;j ny<\\\/a> <a href=\\\"#\\\" class=\\\"extra nf-open-import-tooltip\\\"><i class=\\\"fa fa-sign-in\\\" aria-hidden=\\\"true\\\"><\\\/i> Import\\u00e9r<\\\/a>\",\"width\":\"full\",\"group\":\"\",\"value\":[{\"label\":\"En\",\"value\":\"en\",\"calc\":\"\",\"selected\":0,\"order\":0},{\"label\":\"To\",\"value\":\"to\",\"calc\":\"\",\"selected\":0,\"order\":1},{\"label\":\"Tre\",\"value\":\"tre\",\"calc\":\"\",\"selected\":0,\"order\":2}],\"columns\":{\"label\":{\"header\":\"Etiket\",\"default\":\"\"},\"value\":{\"header\":\"V&aelig;rdi\",\"default\":\"\"},\"calc\":{\"header\":\"Beregnet v\\u00e6rdi\",\"default\":\"\"},\"selected\":{\"header\":\"<span class=\\\"dashicons dashicons-yes\\\"><\\\/span>\",\"default\":0}}}}],\"container_class\":\"\",\"element_class\":\"\",\"admin_label\":\"\",\"help_text\":\"\",\"desc_text\":\"<p>Valg af lejem\\u00e5l<\\\/p>\",\"drawerDisabled\":false,\"id\":12,\"beforeField\":\"\",\"afterField\":\"\",\"value\":\"\",\"parentType\":\"list\",\"element_templates\":[\"listselect\",\"input\"],\"old_classname\":\"list-select\",\"wrap_template\":\"wrap\"},{\"objectType\":\"Field\",\"objectDomain\":\"fields\",\"editActive\":false,\"order\":10,\"idAttribute\":\"id\",\"type\":\"textarea\",\"label\":\"Eventuel kommentar\",\"key\":\"eventuel_kommentar_1654869717114\",\"label_pos\":\"above\",\"required\":false,\"default\":\"\",\"placeholder\":\"\",\"container_class\":\"\",\"element_class\":\"\",\"input_limit\":\"\",\"input_limit_type\":\"characters\",\"input_limit_msg\":\"Tegn tilbage\",\"manual_key\":false,\"admin_label\":\"\",\"help_text\":\"\",\"textarea_rte\":0,\"disable_rte_mobile\":\"\",\"textarea_media\":\"\",\"value\":\"\",\"drawerDisabled\":false,\"id\":38,\"beforeField\":\"\",\"afterField\":\"\",\"parentType\":\"textarea\",\"element_templates\":[\"textarea\",\"input\"],\"old_classname\":\"\",\"wrap_template\":\"wrap\"},{\"objectType\":\"Field\",\"objectDomain\":\"fields\",\"editActive\":false,\"order\":11,\"idAttribute\":\"id\",\"type\":\"submit\",\"label\":\"Send \\\/ Submit\",\"processing_label\":\"Behandler\",\"container_class\":\"\",\"element_class\":\"\",\"key\":\"send_submit_1609531102460\",\"drawerDisabled\":false,\"id\":13,\"beforeField\":\"\",\"afterField\":\"\",\"value\":\"\",\"label_pos\":\"above\",\"parentType\":\"textbox\",\"element_templates\":[\"submit\",\"button\",\"input\"],\"old_classname\":\"\",\"wrap_template\":\"wrap-no-label\"}];nfForms.push(form);<\/script>\n        \n<p><a href=\"https:\/\/dffl.dk\/?p=534\" target=\"_blank\" rel=\"noopener\">Klik her for at se vore \u00e5bnings- og telefontider. . .<\/a><\/p>\n<p>K<a href=\"https:\/\/dffl.dk\/wp-content\/uploads\/2022\/06\/Typeformular_A.9_engelsk-Tenancy-Agreement.pdf\" target=\"_blank\" rel=\"noopener\">lik her for at se, hvordan en lejekontrakt ser ud for et privat lejem\u00e5l . . .<\/a><\/p>\n<p><a href=\"https:\/\/dffl.dk\/wp-content\/uploads\/2022\/06\/Lejekontrakt-alment-boligselskabpdf.pdf\" target=\"_blank\" rel=\"noopener\">Klik her for at se, hvordan en lejekontrakt ser ud for et alment lejem\u00e5l . . .<\/a><\/p>\n<p><img loading=\"lazy\" decoding=\"async\" class=\"alignnone size-full wp-image-624\" src=\"https:\/\/dffl.dk\/wp-content\/uploads\/2022\/06\/DFFL-LOGO-20-x-20-m.-hvid-skrift.jpg\" alt=\"\" width=\"198\" height=\"198\" srcset=\"https:\/\/dffl.dk\/wp-content\/uploads\/2022\/06\/DFFL-LOGO-20-x-20-m.-hvid-skrift.jpg 198w, https:\/\/dffl.dk\/wp-content\/uploads\/2022\/06\/DFFL-LOGO-20-x-20-m.-hvid-skrift-150x150.jpg 150w, https:\/\/dffl.dk\/wp-content\/uploads\/2022\/06\/DFFL-LOGO-20-x-20-m.-hvid-skrift-100x100.jpg 100w\" sizes=\"auto, (max-width: 198px) 100vw, 198px\" \/><\/p>\n<p>&nbsp;<\/p>\n","protected":false},"excerpt":{"rendered":"<p>Velkommen til Danmark som flygtning V\u00e6lg sprog i \u00f8verste h\u00f8jre hj\u00f8rne. Select the language in the upper right corner. DFFL &#8211; De Forenede Frie Lejere &#8211; tilbyder nye flygtninge fra et andet land, der er i krig, et gratis \u00bd-\u00e5rs &hellip;<\/p>\n<p class=\"read-more\"> <a class=\"more-link\" href=\"https:\/\/dffl.dk\/?page_id=537\"> <span class=\"screen-reader-text\">Ny i Danmark<\/span> Read More &raquo;<\/a><\/p>\n","protected":false},"author":3,"featured_media":0,"parent":0,"menu_order":0,"comment_status":"closed","ping_status":"closed","template":"","meta":{"_stc_notifier_status":"","_stc_notifier_sent_time":"","_stc_notifier_request":false,"_stc_notifier_prevent":false,"_stc_subscriber_keywords":"","_stc_subscriber_search_areas":"","om_disable_all_campaigns":false,"_monsterinsights_skip_tracking":false,"_monsterinsights_sitenote_active":false,"_monsterinsights_sitenote_note":"","_monsterinsights_sitenote_category":0,"ngg_post_thumbnail":0,"footnotes":""},"class_list":["post-537","page","type-page","status-publish","hentry"],"aioseo_notices":[],"_links":{"self":[{"href":"https:\/\/dffl.dk\/index.php?rest_route=\/wp\/v2\/pages\/537","targetHints":{"allow":["GET"]}}],"collection":[{"href":"https:\/\/dffl.dk\/index.php?rest_route=\/wp\/v2\/pages"}],"about":[{"href":"https:\/\/dffl.dk\/index.php?rest_route=\/wp\/v2\/types\/page"}],"author":[{"embeddable":true,"href":"https:\/\/dffl.dk\/index.php?rest_route=\/wp\/v2\/users\/3"}],"replies":[{"embeddable":true,"href":"https:\/\/dffl.dk\/index.php?rest_route=%2Fwp%2Fv2%2Fcomments&post=537"}],"version-history":[{"count":21,"href":"https:\/\/dffl.dk\/index.php?rest_route=\/wp\/v2\/pages\/537\/revisions"}],"predecessor-version":[{"id":702,"href":"https:\/\/dffl.dk\/index.php?rest_route=\/wp\/v2\/pages\/537\/revisions\/702"}],"wp:attachment":[{"href":"https:\/\/dffl.dk\/index.php?rest_route=%2Fwp%2Fv2%2Fmedia&parent=537"}],"curies":[{"name":"wp","href":"https:\/\/api.w.org\/{rel}","templated":true}]}}