{"id":496,"date":"2022-03-27T15:42:21","date_gmt":"2022-03-27T15:42:21","guid":{"rendered":"https:\/\/dffl.dk\/?page_id=496"},"modified":"2022-04-08T12:43:48","modified_gmt":"2022-04-08T12:43:48","slug":"referat-ordinaer-generalforsamling-21-3-2022","status":"publish","type":"page","link":"https:\/\/dffl.dk\/?page_id=496","title":{"rendered":"\u00c5rsberetning ordin\u00e6r generalforsamling 21-3-2022"},"content":{"rendered":"<p><strong>\u00c5rsberetning for De Forenede Frie Lejere (DFFL)<\/strong><\/p>\n<p><em>Den 31. maj 2021 blev <strong>De<\/strong> <strong>Forenede Frie Lejere<\/strong> en realitet ved en stiftende generalforsamling.<\/em><\/p>\n<p><em>\u00c5rsagen til stiftelse af en ny landsd\u00e6kkende lejerforening var, at man i LLO-Viborgs bestyrelse var meget utilfreds med LLO Landsorganisationens h\u00e5ndtering af lokale LLO-afdelinger samt forbundets topstyrede politik. Omkring selve konflikten kan der l\u00e6ses mere p\u00e5 hjemmesiden <a href=\"http:\/\/www.dffl.dk\">www.dffl.dk<\/a>, hvis man er interesseret i detaljerne.<\/em><\/p>\n<p><em><strong>Valgt til bestyrelsen 31. maj 2021 i De Forenede Frie Lejere blev:<\/strong><\/em><\/p>\n<p><em>Formand Sofie Kristiansen, Aarhus<\/em><br \/>\n<em>Sekret\u00e6r Lone Jarrels, L\u00f8gstrup<\/em><br \/>\n<em>Menig medlem Mariah Panduro, Odense<\/em><br \/>\n<em>og suppleant Gitte Jarrels, Viborg<\/em><\/p>\n<p><em><strong>&nbsp;<\/strong><strong>Samt revisor og revisorsuppleant:<\/strong><\/em><\/p>\n<p><em>Revisor Karsten Gravesen (desv\u00e6rre afg\u00e5et ved d\u00f8den)<\/em><br \/>\n<em>Revisorsuppleant Kim Kristiansen<\/em><\/p>\n<p><em>Vedt\u00e6gter, medlemskontingentsatser og samarbejdsaftalen med Lejeretlig R\u00e5dgivningskontor i Aalborg, blev gennemg\u00e5et og enstemmigt vedtaget. Kan ses p\u00e5 hjemmesiden.<\/em><\/p>\n<p><em>I forl\u00e6ngelse af den stiftende generalforsamling blev der afholdt et bestyrelsesm\u00f8de, hvor bl.a. foreningens fremtidsplaner blev dr\u00f8ftet \u2013 herunder mere synlighed via de sociale medier.<\/em><\/p>\n<p>Den 1. oktober 2021 blev LLO-Viborgs medlemmer optaget i Forenede Frie Lejere, der efterf\u00f8lgende overtog medlemsadministrationen og samtidig blev LLO-Viborgs medlemsadministration lukket ned, s\u00e5 nye medlemmer fremadrettet blev optaget i Forenede Frie Lejere. Medlemmerne fik tillige et langt billigere medlemskontingent. LLO-Viborg oph\u00f8rte pr. 31. december 2021 og indest\u00e5ende saldo blev i januar 2022 overf\u00f8rt til Forende Frie Lejere.<\/p>\n<p>I det sidste kvartal af 2021 blev der i Forende Frie Lejere oprettet 27 nye medlemmer, afgangen var i samme periode dog 29 medlemmer. Typisk er det s\u00e5dan, at n\u00e5r et medlem har f\u00e5et behandlet sin sag, s\u00e5 melder medlemmet sig desv\u00e6rre ud. P\u00e5 Lejeretlig R\u00e5dgivningskontor i Aalborg blev der fra 1. oktober og \u00e5ret ud behandlet 28 sager, hvoraf en del stadig er i proces.<\/p>\n<p>Indtil 1. marts 2021 fik LLO-Viborg behandlet sagerne p\u00e5 LLO Servicekontoret i Aarhus. Aftalen var blevet opsagt allerede i august 2020 (\u00bd \u00e5rs opsigelse), fordi man var utilfreds med sagsbehandlingen, bl.a. pga. manglende og eller lange sagsbehandlingstider, skiftende sagsbehandlere o.a. Her fik LLO-Viborg over 25 ikke afsluttede sager retur fra LLO Servicekontoret i Aarhus, enkelte sager var endda ikke p\u00e5begyndt.<\/p>\n<p>I <strong>De<\/strong> <strong>Forende Frie Lejere<\/strong> er der plads til 9 bestyrelsesmedlemmer, og vi ser meget gerne, at tidligere bestyrelsesmedlemmerne fra LLO-Viborg og medlemmer i Forenede Frie Lejere stiller op til valg til bestyrelsen senere i dag. Selvom man ikke er medlem, kan man godt stille op til valg i bestyrelsen. Alle valgte i bestyrelsen er\/bliver automatisk medlem af Forenede Frie Lejere og er fritaget for at betale medlemskontingent.<\/p>\n<p>Forenede Frie Lejere har kontrakt og et t\u00e6t samarbejde med <strong>Lejeretlig R\u00e5dgivningskontor<\/strong> i Aalborg, hvor der sidder en h\u00e5ndfuld jurastuderende, der behandler langt de fleste sager. Derudover sidder der \u00e9n i kommunikationsafdelingen, der bl.a. tager sig af de jurastuderende (ans\u00e6ttelse og afskedigelse m.v.).<\/p>\n<p>I De Forenede Frie Lejere modtager man medlemmernes sager, der screenes og klarg\u00f8res til sagsbehandling p\u00e5 Lejerretlig R\u00e5dgivningskontor i Aalborg.<\/p>\n<p>Til daglig ledes r\u00e5dgivningskontoret i Aalborg af to personer, dels af en juridisk r\u00e5dgiver og dels af en professor. Kontoret er forsynet med IT-udstyr, storsk\u00e6rm, informationssk\u00e6rm, telefoner o.a. Oplysninger om kontoret kan ses p\u00e5 hjemmesiden <a href=\"http:\/\/www.lrrk.dk\">www.lrrk.dk<\/a>. De frivillige p\u00e5 kontoret har stor medbestemmelse\/indflydelse omkring kontorets daglige drift og har v\u00e6ret med til at udarbejde en personaleh\u00e5ndbog, der g\u00f8r det nemmere, n\u00e5r der er udskiftning blandt de frivillige. Nye frivillige har derfor nemt ved at s\u00e6tte sig ind i kontorets funktioner og arbejdsgang.<\/p>\n<p>R\u00e5dgivningskontoret i Aalborg anvendes ogs\u00e5 til afholdelse af interne kurser og i \u00f8vrigt m\u00e5 personalet benytte kontoret frit til samv\u00e6r og studieforberedelse. Medlemmer, der \u00f8nsker personligt m\u00f8de p\u00e5 kontoret i Aalborg, skal dog forlods aftale tid for m\u00f8de. N\u00e5r vi f\u00e5r lidt flere medlemmer i omr\u00e5det omkring Aalborg, bliver der \u00e5bnet mulighed for faste m\u00f8detidspunkter ligesom i Viborg. Bestyrelsesmedlemmer i Forenede Frie lejere er altid velkomne til at afl\u00e6gge bes\u00f8g p\u00e5 r\u00e5dgivningskontoret i Aalborg.<\/p>\n<p>Her i for\u00e5ret 2022 bliver der investeret i mere markedsf\u00f8ring, bl.a. med et bredere udvalg af s\u00f8geord, som kan fanges i Google og andre s\u00f8gemaskiner og derved tilf\u00f8re flere nye medlemmer. De sociale medier som Facebook o.a. skal ligeledes s\u00f8s\u00e6ttes.<\/p>\n<p>Hver mandag er der mulighed for medlemmerne at give fremm\u00f8de i De Frivilliges Hus, Stationen her i Viborg. Der kommer i snit 2-3 medlemmer og ikke medlemmer i \u00e5bningstiden, der p\u00e5 skift er bemandet af hele 3 personer &#8211; heriblandt en socialr\u00e5dgiver, og en der tidligere har arbejdet med lejeretlige sager. Her vejledes og r\u00e5dgives typisk; om de fremm\u00f8dtes sager er relevante og evt. skal indbringes i husleje- eller i beboerklagen\u00e6vnet. Enkelte sager ender ogs\u00e5 i boligretten. Der er mange forskellige slags lejeretlige sager og tvister. Mange af disse sager behandles p\u00e5 r\u00e5dgivningskontoret i Aalborg. De fleste sager er typisk omkring lejers fraflytning eller manglende vedligeholdelse fra udlejers side.<\/p>\n<p>Vi takker nye medlemmer i Forenede Frie Lejere og tidligere loyale medlemmer fra LLO-Viborg for nu at v\u00e6re en del af <strong>De<\/strong> <strong>Forenede Frie Lejere. <\/strong>Vi h\u00e5ber, at vi kan v\u00e6re behj\u00e6lpelige i enhver lejeretlig situation, der m\u00e5tte kr\u00e6ve juridisk bistand, n\u00e5r og hvis der opst\u00e5r en tvist med en udlejer.<\/p>\n<p>Vi vil g\u00f8re vores bedste, s\u00e5 vi sammen kan blive en stor og f\u00f8rende lejerforening med repr\u00e6sentationer i flere st\u00f8rre danske byer, s\u00e5 vi derved er med til at s\u00e6tte dagsordenen og tjene vore medlemmer bedst muligt.<\/p>\n<p>Tak.<\/p>\n<p><em>Beretningen blev enstemmig vedtaget!<\/em><\/p>\n","protected":false},"excerpt":{"rendered":"<p>\u00c5rsberetning for De Forenede Frie Lejere (DFFL) Den 31. maj 2021 blev De Forenede Frie Lejere en realitet ved en stiftende generalforsamling. \u00c5rsagen til stiftelse af en ny landsd\u00e6kkende lejerforening var, at man i LLO-Viborgs bestyrelse var meget utilfreds med &hellip;<\/p>\n<p class=\"read-more\"> <a class=\"more-link\" href=\"https:\/\/dffl.dk\/?page_id=496\"> <span class=\"screen-reader-text\">\u00c5rsberetning ordin\u00e6r generalforsamling 21-3-2022<\/span> Read More &raquo;<\/a><\/p>\n","protected":false},"author":3,"featured_media":0,"parent":0,"menu_order":0,"comment_status":"closed","ping_status":"closed","template":"","meta":{"_stc_notifier_status":"","_stc_notifier_sent_time":"","_stc_notifier_request":false,"_stc_notifier_prevent":false,"_stc_subscriber_keywords":"","_stc_subscriber_search_areas":"","om_disable_all_campaigns":false,"_monsterinsights_skip_tracking":false,"_monsterinsights_sitenote_active":false,"_monsterinsights_sitenote_note":"","_monsterinsights_sitenote_category":0,"ngg_post_thumbnail":0,"footnotes":""},"class_list":["post-496","page","type-page","status-publish","hentry"],"aioseo_notices":[],"_links":{"self":[{"href":"https:\/\/dffl.dk\/index.php?rest_route=\/wp\/v2\/pages\/496","targetHints":{"allow":["GET"]}}],"collection":[{"href":"https:\/\/dffl.dk\/index.php?rest_route=\/wp\/v2\/pages"}],"about":[{"href":"https:\/\/dffl.dk\/index.php?rest_route=\/wp\/v2\/types\/page"}],"author":[{"embeddable":true,"href":"https:\/\/dffl.dk\/index.php?rest_route=\/wp\/v2\/users\/3"}],"replies":[{"embeddable":true,"href":"https:\/\/dffl.dk\/index.php?rest_route=%2Fwp%2Fv2%2Fcomments&post=496"}],"version-history":[{"count":4,"href":"https:\/\/dffl.dk\/index.php?rest_route=\/wp\/v2\/pages\/496\/revisions"}],"predecessor-version":[{"id":507,"href":"https:\/\/dffl.dk\/index.php?rest_route=\/wp\/v2\/pages\/496\/revisions\/507"}],"wp:attachment":[{"href":"https:\/\/dffl.dk\/index.php?rest_route=%2Fwp%2Fv2%2Fmedia&parent=496"}],"curies":[{"name":"wp","href":"https:\/\/api.w.org\/{rel}","templated":true}]}}