{"id":490,"date":"2022-03-27T15:34:22","date_gmt":"2022-03-27T15:34:22","guid":{"rendered":"https:\/\/dffl.dk\/?page_id=490"},"modified":"2022-03-27T15:36:26","modified_gmt":"2022-03-27T15:36:26","slug":"stiftende-generalforsamling","status":"publish","type":"page","link":"https:\/\/dffl.dk\/?page_id=490","title":{"rendered":"Stiftende generalforsamling 31-5-2021 &#8211; referat"},"content":{"rendered":"<h3><strong>Referat Stiftende generalforsamling<\/strong><\/h3>\n<p><strong>Mandag den 31. maj 2021<\/strong> <strong>kl. 19 <\/strong>afholdtes stiftende generalforsamling for foreningen <strong>&#8211; Forenede Frie Lejere<\/strong> (DFFL). Sted: Borgerhuset Stationen, Lille Sct. Hans Gade 7, 8800 Viborg.<br \/>\n<strong>Deltagere:<\/strong> Sofie Dyrholm Kristiansen, Karsten H. Gravesen, Lone Jarrels og Paul Erik Pedersen.<\/p>\n<p>Dagsorden blev fremlagt og gennemg\u00e5et.<\/p>\n<ol>\n<li>Karsten H. Gravesen blev valgt til Dirigent<\/li>\n<li>Lone Jarrels blev valgt til referent<\/li>\n<li>Paul Erik Pedersen blev valgt til stemmet\u00e6ller<\/li>\n<li>Paul Erik Pedersen redegjorde for stiftelsen af DFFL<\/li>\n<li>Paul Erik Pedersen redegjorde og gennemgik kommende vedt\u00e6gter for Forenede Frie Lejere (DFFL)<\/li>\n<li>Paul Erik Pedersen informerede om foreningens kommende aktiviteter og udbyder af sagsbehandling<\/li>\n<li>Paul Erik Pedersen orienterede om foreningens forventede \u00f8konomi \u2013 herunder budget<\/li>\n<li>Valg af bestyrelse og suppleant<\/li>\n<\/ol>\n<ul>\n<li>Som formand blev Sofie Dyrholm Kristiansen valgt for en 2-\u00e5rig periode<\/li>\n<li>Som sekret\u00e6r\/kasserer blev Lone Jarrels valgt for en 2-\u00e5rig periode<\/li>\n<li>Som menigt medlem blev Mariah Panduro valgt for en 1-\u00e5rig periode<\/li>\n<li>Som bestyrelses suppleant valgtes Gitte Jarrels<\/li>\n<\/ul>\n<ol start=\"9\">\n<li>Valg af revisor og suppleant<\/li>\n<\/ol>\n<ul>\n<li>Til revisor valgtes Karsten H. Gravesen for 1 \u00e5r<\/li>\n<li>Som revisor suppleant valgtes Kim Kristiansen for 1 \u00e5r<\/li>\n<\/ul>\n<ol start=\"10\">\n<li>Afstemning af vedt\u00e6gter\n<ul>\n<li>Forslag til rettelser i \u00a710 \u201dEksklusion\u201d &#8211; bestyrelsen kan ikke ekskluderes og\/eller ligestilles med andre medlemmer af foreningen &#8211; det blev enstemmigt vedtaget, at dette slettes og omformuleres til kun at g\u00e6lde for medlemmer af foreningen<\/li>\n<li>Og at foreningen efterlever GDPR anbefalede retningslinjer indf\u00f8res i vedt\u00e6gterne<\/li>\n<\/ul>\n<\/li>\n<\/ol>\n<p>Herefter blev vedt\u00e6gterne sat til afstemning og enstemmigt vedtaget.<\/p>\n<ol start=\"11\">\n<li>Afstemning vedr. medlemsr\u00e5dgivning<br \/>\nAftalen gennemg\u00e5et under pkt. 6 blev sat til afstemning og enstemmigt vedtaget.<\/li>\n<li>Afstemning vedr. medlemskontingenter<br \/>\nForslag til de fremlagte kontingenter blev enstemmigt vedtaget som f\u00f8lger:<\/li>\n<\/ol>\n<ul>\n<li>Indmeldelsesgebyr: 0 kr.<\/li>\n<li>privat lejer: 300 kr. pr. halv\u00e5r<\/li>\n<li>pensionist og\/eller lejer i studieforl\u00f8b: 250 kr. pr. halv\u00e5r<\/li>\n<\/ul>\n<p><em>Pensionister og\/eller studerende SKAL forevise bevis herfor.<\/em><\/p>\n<ul>\n<li>Foreningsmedlemmer i almene og st\u00f8rre afdelinger g\u00e6lder: 25 kr. pr. mdr. (kan betales m\u00e5nedsvis, hver 3. m\u00e5ned, halv\u00e5rligt eller \u00e5rligt)<\/li>\n<li>Fraflytningssyn: 500 kr. plus k\u00f8rsels efter statens g\u00e6ldende regler<\/li>\n<\/ul>\n<ol start=\"13\">\n<li>Eventuelt\n<ul>\n<li>Paul Erik laver aftalte rettelser i Foreningsvedt\u00e6gter jf. ovenst\u00e5ende afsnit vedr. foreningens vedt\u00e6gter.<\/li>\n<li>Der b\u00f8r vurderes n\u00f8dvendigheden i en forsikring (ansvar)<\/li>\n<li>Sofie udarbejder en telefonliste for bestyrelsen<\/li>\n<\/ul>\n<\/li>\n<\/ol>\n<p>&nbsp;<\/p>\n<p>Viborg, den 31. maj 2021<\/p>\n<p>Dirigent Karsten H. Gravesen<\/p>\n","protected":false},"excerpt":{"rendered":"<p>Referat Stiftende generalforsamling Mandag den 31. maj 2021 kl. 19 afholdtes stiftende generalforsamling for foreningen &#8211; Forenede Frie Lejere (DFFL). Sted: Borgerhuset Stationen, Lille Sct. Hans Gade 7, 8800 Viborg. Deltagere: Sofie Dyrholm Kristiansen, Karsten H. Gravesen, Lone Jarrels og &hellip;<\/p>\n<p class=\"read-more\"> <a class=\"more-link\" href=\"https:\/\/dffl.dk\/?page_id=490\"> <span class=\"screen-reader-text\">Stiftende generalforsamling 31-5-2021 &#8211; referat<\/span> Read More &raquo;<\/a><\/p>\n","protected":false},"author":3,"featured_media":0,"parent":0,"menu_order":0,"comment_status":"closed","ping_status":"closed","template":"","meta":{"_stc_notifier_status":"","_stc_notifier_sent_time":"","_stc_notifier_request":false,"_stc_notifier_prevent":false,"_stc_subscriber_keywords":"","_stc_subscriber_search_areas":"","om_disable_all_campaigns":false,"_monsterinsights_skip_tracking":false,"_monsterinsights_sitenote_active":false,"_monsterinsights_sitenote_note":"","_monsterinsights_sitenote_category":0,"ngg_post_thumbnail":0,"footnotes":""},"class_list":["post-490","page","type-page","status-publish","hentry"],"aioseo_notices":[],"_links":{"self":[{"href":"https:\/\/dffl.dk\/index.php?rest_route=\/wp\/v2\/pages\/490","targetHints":{"allow":["GET"]}}],"collection":[{"href":"https:\/\/dffl.dk\/index.php?rest_route=\/wp\/v2\/pages"}],"about":[{"href":"https:\/\/dffl.dk\/index.php?rest_route=\/wp\/v2\/types\/page"}],"author":[{"embeddable":true,"href":"https:\/\/dffl.dk\/index.php?rest_route=\/wp\/v2\/users\/3"}],"replies":[{"embeddable":true,"href":"https:\/\/dffl.dk\/index.php?rest_route=%2Fwp%2Fv2%2Fcomments&post=490"}],"version-history":[{"count":3,"href":"https:\/\/dffl.dk\/index.php?rest_route=\/wp\/v2\/pages\/490\/revisions"}],"predecessor-version":[{"id":493,"href":"https:\/\/dffl.dk\/index.php?rest_route=\/wp\/v2\/pages\/490\/revisions\/493"}],"wp:attachment":[{"href":"https:\/\/dffl.dk\/index.php?rest_route=%2Fwp%2Fv2%2Fmedia&parent=490"}],"curies":[{"name":"wp","href":"https:\/\/api.w.org\/{rel}","templated":true}]}}