{"id":370,"date":"2021-09-30T15:01:59","date_gmt":"2021-09-30T15:01:59","guid":{"rendered":"https:\/\/dffl.dk\/?page_id=370"},"modified":"2024-11-01T11:48:47","modified_gmt":"2024-11-01T11:48:47","slug":"booking-af-tid-for-personlig-moede","status":"publish","type":"page","link":"https:\/\/dffl.dk\/?page_id=370","title":{"rendered":"Aftal tid for personlig m\u00f8de"},"content":{"rendered":"<p><strong>Hver mandag mellem kl. 15:00 og 18:00<\/strong><br \/>\nhar du mulighed for at reservere tid til et personligt m\u00f8de hos <strong>De Forenede Frie Lejere <\/strong>i Viborg.<\/p>\n<p>V\u00e6lg dato i kalenderen og udfyld felter i skemaet l\u00e6ngere nede p\u00e5 siden.<br \/>\nDu f\u00e5r besked p\u00e5 din mail, om din tid kan bekr\u00e6ftes eller bliver afsl\u00e5et.<\/p>\n<p>Hvis du holder musen over en r\u00f8d valgbar dato, kan du se hvilke tider, der er booket.<\/p>\n<h3><span style=\"color: #000080;\"><span style=\"color: #008080;\"><em>M\u00f8destedet er<\/em>:<\/span><\/span><\/h3>\n<h3><span style=\"color: #000080;\"><img loading=\"lazy\" decoding=\"async\" class=\" wp-image-451 alignleft\" src=\"https:\/\/dffl.dk\/wp-content\/uploads\/2022\/01\/De-Frivilliges-Hus-Stationen-Ll.-Sct.-Hans-Gade-7-300x129.jpg\" alt=\"\" width=\"319\" height=\"137\" srcset=\"https:\/\/dffl.dk\/wp-content\/uploads\/2022\/01\/De-Frivilliges-Hus-Stationen-Ll.-Sct.-Hans-Gade-7-300x129.jpg 300w, https:\/\/dffl.dk\/wp-content\/uploads\/2022\/01\/De-Frivilliges-Hus-Stationen-Ll.-Sct.-Hans-Gade-7-100x43.jpg 100w, https:\/\/dffl.dk\/wp-content\/uploads\/2022\/01\/De-Frivilliges-Hus-Stationen-Ll.-Sct.-Hans-Gade-7-150x65.jpg 150w, https:\/\/dffl.dk\/wp-content\/uploads\/2022\/01\/De-Frivilliges-Hus-Stationen-Ll.-Sct.-Hans-Gade-7-200x86.jpg 200w, https:\/\/dffl.dk\/wp-content\/uploads\/2022\/01\/De-Frivilliges-Hus-Stationen-Ll.-Sct.-Hans-Gade-7-450x194.jpg 450w, https:\/\/dffl.dk\/wp-content\/uploads\/2022\/01\/De-Frivilliges-Hus-Stationen-Ll.-Sct.-Hans-Gade-7.jpg 600w\" sizes=\"auto, (max-width: 319px) 100vw, 319px\" \/><\/span><\/h3>\n<h3><img loading=\"lazy\" decoding=\"async\" class=\"wp-image-452 alignleft\" src=\"https:\/\/dffl.dk\/wp-content\/uploads\/2022\/01\/De-Frivilliges-Hus-Stationen-300x182.jpg\" alt=\"\" width=\"223\" height=\"135\" srcset=\"https:\/\/dffl.dk\/wp-content\/uploads\/2022\/01\/De-Frivilliges-Hus-Stationen-300x182.jpg 300w, https:\/\/dffl.dk\/wp-content\/uploads\/2022\/01\/De-Frivilliges-Hus-Stationen-100x61.jpg 100w, https:\/\/dffl.dk\/wp-content\/uploads\/2022\/01\/De-Frivilliges-Hus-Stationen-150x91.jpg 150w, https:\/\/dffl.dk\/wp-content\/uploads\/2022\/01\/De-Frivilliges-Hus-Stationen-200x122.jpg 200w, https:\/\/dffl.dk\/wp-content\/uploads\/2022\/01\/De-Frivilliges-Hus-Stationen-450x274.jpg 450w, https:\/\/dffl.dk\/wp-content\/uploads\/2022\/01\/De-Frivilliges-Hus-Stationen-600x365.jpg 600w, https:\/\/dffl.dk\/wp-content\/uploads\/2022\/01\/De-Frivilliges-Hus-Stationen.jpg 607w\" sizes=\"auto, (max-width: 223px) 100vw, 223px\" \/><\/h3>\n<h3>&nbsp;<\/h3>\n<h3>&nbsp;<\/h3>\n<h3>&nbsp;<\/h3>\n<p>&nbsp;<\/p>\n<h3>De Frivilliges Hus &#8211; Stationen<br \/>\nLille Sct. Hans Gade 7<br \/>\n8800 Viborg<br \/>\nTlf. 25 53 75 12<br \/>\ninfo@dffl.dk<br \/>\n<strong>Cvr.:<\/strong> 42088374<\/h3>\n<p>V\u00e6lg en mandag i kalenderen herunder og udfyld skemaet l\u00e6ngere nede.<\/p>\n <div id=\"form_id1038524816696\" class=\"wpbc_container wpbc_form wpbc_container_booking_form \" ><form id=\"booking_form1\" class=\"booking_form vertical\" method=\"post\" action=\"\"><div id=\"ajax_respond_insert1\" class=\"ajax_respond_insert\" style=\"display:none;\"><\/div><a name=\"bklnk1\" id=\"bklnk1\"><\/a><div id=\"booking_form_div1\" class=\"booking_form_div\"><div class=\"wpbc_bfb_form wpbc_wizard__border_container\" style=\"--wpbc-bfb-booking_form_layout_width:100%;\">\n\t<div class=\"wpbc_wizard_step wpbc__form__div wpbc_wizard_step1\">\n\t\t<div class=\"wpbc__row\">\n\t\t\t<div style=\"flex-basis: 100%\" class=\"wpbc__field\">\n\t\t\t\t<div class=\"bfb_element\">\n\t\t\t\t\t<span class=\"wpbc_steps_for_timeline__steps_timeline1207\">\t<div class=\"wpbc_steps_for_timeline_container\">\r\n\t\t<div class=\"wpbc_steps_for_timeline\">\r\n\t\t<div class='wpbc_steps_for_timeline_step  wpbc_steps_for_timeline_step_active'>\t<svg viewBox=\"0 0 512 512\" xmlns=\"http:\/\/www.w3.org\/2000\/svg\" role=\"img\" class=\"icon icon-success\" data-icon=\"check\" data-prefix=\"fas\" focusable=\"false\" aria-hidden=\"true\" width=\"10\" height=\"10\">\r\n\t\t<path xmlns=\"http:\/\/www.w3.org\/2000\/svg\" fill=\"currentColor\" d=\"M173.898 439.404l-166.4-166.4c-9.997-9.997-9.997-26.206 0-36.204l36.203-36.204c9.997-9.998 26.207-9.998 36.204 0L192 312.69 432.095 72.596c9.997-9.997 26.207-9.997 36.204 0l36.203 36.204c9.997 9.997 9.997 26.206 0 36.204l-294.4 294.401c-9.998 9.997-26.207 9.997-36.204-.001z\"><\/path>\r\n\t<\/svg>\r\n\t<svg viewBox=\"0 0 352 512\" xmlns=\"http:\/\/www.w3.org\/2000\/svg\" role=\"img\" class=\"icon icon-failed\" data-icon=\"times\" data-prefix=\"fas\" focusable=\"false\" aria-hidden=\"true\" width=\"8\" height=\"11\">\r\n\t\t<path xmlns=\"http:\/\/www.w3.org\/2000\/svg\" fill=\"currentColor\" d=\"M242.72 256l100.07-100.07c12.28-12.28 12.28-32.19 0-44.48l-22.24-22.24c-12.28-12.28-32.19-12.28-44.48 0L176 189.28 75.93 89.21c-12.28-12.28-32.19-12.28-44.48 0L9.21 111.45c-12.28 12.28-12.28 32.19 0 44.48L109.28 256 9.21 356.07c-12.28 12.28-12.28 32.19 0 44.48l22.24 22.24c12.28 12.28 32.2 12.28 44.48 0L176 322.72l100.07 100.07c12.28 12.28 32.2 12.28 44.48 0l22.24-22.24c12.28-12.28 12.28-32.19 0-44.48L242.72 256z\"><\/path>\r\n\t<\/svg>\r\n\t<\/div><div class='wpbc_steps_for_timeline_step_line ' ><\/div ><div class='wpbc_steps_for_timeline_step '>\t<svg viewBox=\"0 0 512 512\" xmlns=\"http:\/\/www.w3.org\/2000\/svg\" role=\"img\" class=\"icon icon-success\" data-icon=\"check\" data-prefix=\"fas\" focusable=\"false\" aria-hidden=\"true\" width=\"10\" height=\"10\">\r\n\t\t<path xmlns=\"http:\/\/www.w3.org\/2000\/svg\" fill=\"currentColor\" d=\"M173.898 439.404l-166.4-166.4c-9.997-9.997-9.997-26.206 0-36.204l36.203-36.204c9.997-9.998 26.207-9.998 36.204 0L192 312.69 432.095 72.596c9.997-9.997 26.207-9.997 36.204 0l36.203 36.204c9.997 9.997 9.997 26.206 0 36.204l-294.4 294.401c-9.998 9.997-26.207 9.997-36.204-.001z\"><\/path>\r\n\t<\/svg>\r\n\t<svg viewBox=\"0 0 352 512\" xmlns=\"http:\/\/www.w3.org\/2000\/svg\" role=\"img\" class=\"icon icon-failed\" data-icon=\"times\" data-prefix=\"fas\" focusable=\"false\" aria-hidden=\"true\" width=\"8\" height=\"11\">\r\n\t\t<path xmlns=\"http:\/\/www.w3.org\/2000\/svg\" fill=\"currentColor\" d=\"M242.72 256l100.07-100.07c12.28-12.28 12.28-32.19 0-44.48l-22.24-22.24c-12.28-12.28-32.19-12.28-44.48 0L176 189.28 75.93 89.21c-12.28-12.28-32.19-12.28-44.48 0L9.21 111.45c-12.28 12.28-12.28 32.19 0 44.48L109.28 256 9.21 356.07c-12.28 12.28-12.28 32.19 0 44.48l22.24 22.24c12.28 12.28 32.2 12.28 44.48 0L176 322.72l100.07 100.07c12.28 12.28 32.2 12.28 44.48 0l22.24-22.24c12.28-12.28 12.28-32.19 0-44.48L242.72 256z\"><\/path>\r\n\t<\/svg>\r\n\t<\/div>\t\t<\/div>\r\n\t<\/div>\r\n\t<\/span><style type=\"text\/css\"> .booking_form_div .wpbc_steps_for_timeline__steps_timeline1207 .wpbc_steps_for_timeline_container { --wpbc_steps_for_timeline_active_color: #619d40; } <\/style>\n\t\t\t\t<\/div>\n\t\t\t<\/div>\n\t\t<\/div>\n\t\t<div class=\"wpbc__row\">\n\t\t\t<div style=\"flex-basis: 47.7099%;--wpbc-bfb-col-aself: stretch;--wpbc-col-min: 0px\" class=\"wpbc__field\">\n\t\t\t\t<div class=\"bfb_element\">\n\t\t\t\t\t<label>V\u00e6lg dato<\/label>\n\t\t\t\t\t<br><div class=\"wpbc_calendar_wraper wpbc_change_over_triangle\"><div class=\"wpbc_cal_container bk_calendar_frame wpbc_no_custom_width  months_num_in_row_ cal_month_num_1\" style=\"\"><div id=\"calendar_booking1\"  class=\"wpbc_calendar_id_1\" >\t<div class=\"calendar_loader_frame calendar_loader_frame1\"\r\n\t\tdata-wpbc-rid=\"1\"\r\n\t\tdata-wpbc-grace=\"8000\"\r\n\t\tstyle=\"--wpbc-loader-cols: 1;\"\r\n\t>\r\n\t\t<div class=\"calendar_loader_text\">Indl\u00e6ser...<\/div>\r\n\t\t<div class=\"calendar_loader_frame__progress_line_container\">\r\n\t\t\t<div class=\"calendar_loader_frame__progress_line\"><\/div>\r\n\t\t<\/div>\r\n\t<\/div>\r\n\t<\/div><\/div><div style=\"font-size:7px;text-align:left;margin:0 0 10px;text-shadow: none;\">Powered by <a href=\"https:\/\/wpbookingcalendar.com\" style=\"font-size:7px;\" target=\"_blank\" title=\"Booking Calendar plugin for WordPress\">Booking Calendar<\/a><\/div><textarea id=\"date_booking1\" name=\"date_booking1\" autocomplete=\"off\" style=\"display:none;\"><\/textarea><div class=\"block_hints datepick \"><div class=\"wpdev_hint_with_text\"><div class=\"\"><div class=\"datepick-inline wpbc_calendar_legend_table_width_height\"><table class=\"datepick wpbc_calendar\" style=\"\"><tbody><tr><td class=\"datepick-days-cell date_available wpbc_calendar_legend_day_cell_height\"><div class=\"wpbc-cell-box\">\t<div class=\"date-cell-content\">\t\t<div class=\"date-content-top\"><\/div>\t\t<a>&nbsp;<\/a>\t\t<div class=\"date-content-bottom\"><\/div>\t<\/div><\/div><\/td><\/tr><\/tbody><\/table><\/div><\/div><div class=\"block_text\">- <\/div><div class=\"block_text\">Ledig<\/div><\/div><div class=\"wpdev_hint_with_text\"><div class=\"\"><div class=\"datepick-inline wpbc_calendar_legend_table_width_height\"><table class=\"datepick wpbc_calendar\" style=\"\"><tbody><tr><td class=\"datepick-days-cell datepick-unselectable date_user_unavailable full_day_booking date_approved wpbc_calendar_legend_day_cell_height\"><div class=\"wpbc-cell-box\">\t<div class=\"date-cell-content\">\t\t<div class=\"date-content-top\"><\/div>\t\t<span>&nbsp;<\/span>\t\t<div class=\"date-content-bottom\"><\/div>\t<\/div><\/div><\/td><\/tr><\/tbody><\/table><\/div><\/div><div class=\"block_text\">- <\/div><div class=\"block_text\">Reserveret<\/div><\/div><div class=\"wpdev_hint_with_text\"><div class=\"\"><div class=\"datepick-inline wpbc_calendar_legend_table_width_height\"><table class=\"datepick wpbc_calendar\" style=\"\"><tbody><tr><td class=\"datepick-days-cell datepick-unselectable date_user_unavailable full_day_booking date2approve wpbc_calendar_legend_day_cell_height\"><div class=\"wpbc-cell-box\">\t<div class=\"date-cell-content\">\t\t<div class=\"date-content-top\"><\/div>\t\t<span>&nbsp;<\/span>\t\t<div class=\"date-content-bottom\"><\/div>\t<\/div><\/div><\/td><\/tr><\/tbody><\/table><\/div><\/div><div class=\"block_text\">- <\/div><div class=\"block_text\">Afventer<\/div><\/div><div class=\"wpdev_hint_with_text\"><div class=\"\"><span class=\" wpbc_change_over_triangle\"><div class=\"datepick-inline wpbc_calendar_legend_table_width_height\"><table class=\"datepick wpbc_calendar\" style=\"\"><tbody><tr><td class=\"datepick-days-cell date_available date2approve timespartly times_clock wpbc_calendar_legend_day_cell_height\"><div class=\"wpbc-cell-box\">\t<div class=\"wpbc-diagonal-el\">\t\t<div class=\"wpbc-co-out\"><svg height=\"100%\" width=\"100%\" viewBox=\"0 0 100 100\" preserveAspectRatio=\"none\"><polygon points=\"0,0 0,99 99,0\"><\/polygon><polygon points=\"0,0 0,100 49,100 49,0\"><\/polygon><\/svg><\/div>\t\t<div class=\"wpbc-co-in\"><svg height=\"100%\" width=\"100%\" viewBox=\"0 0 98 98\" preserveAspectRatio=\"none\"><polygon points=\"0,99 99,99 99,0\"><\/polygon><polygon points=\"50,98 98,98 98,0 50,0\"><\/polygon><\/svg><\/div>\t<\/div>\t<div class=\"date-cell-content\">\t\t<div class=\"date-content-top\"><div class=\"wpbc_time_dots\">\u00b7<\/div><\/div>\t\t<a>&nbsp;<\/a>\t\t<div class=\"date-content-bottom\"><\/div>\t<\/div><\/div><\/td><\/tr><\/tbody><\/table><\/div><\/span><\/div><div class=\"block_text\">- <\/div><div class=\"block_text\">Delvist reserveret<\/div><\/div><\/div><\/div>\n\t\t\t\t<\/div>\n\t\t\t<\/div>\n\t\t\t<div style=\"flex-basis: 0.087555%;--wpbc-bfb-col-dir: row;--wpbc-bfb-col-wrap: wrap;--wpbc-bfb-col-jc: center;--wpbc-bfb-col-ai: center;--wpbc-bfb-col-aself: stretch;--wpbc-col-min: 0px\" class=\"wpbc__field\">\n\t\t\t\t<div class=\"bfb_element\">\n\t\t\t\t\t<div class=\"wpbc_bfb_divider_wrap\" data-bfb-type=\"divider\" data-orientation=\"vertical\" style=\"margin:0px 0px 0px 0px;display:flex;align-self:stretch\"><div name=\"divider-vertical-4\" class=\"wpbc_bfb_divider wpbc_bfb_divider--v\" role=\"separator\" aria-orientation=\"vertical\" style=\"border-left:1px solid #ccc;height:90%;padding-left:0;position: absolute;top: 50%;left: 50%;transform: translate(-50%, -50%)\"><\/div><\/div>\n\t\t\t\t<\/div>\n\t\t\t<\/div>\n\t\t\t<div style=\"flex-basis: 46.2025%;--wpbc-bfb-col-aself: stretch;--wpbc-col-min: 0px\" class=\"wpbc__field\">\n\t\t\t\t<div class=\"bfb_element\">\n\t\t\t\t\t<label>V\u00e6lg Tidspunkt*<\/label>\n\t\t\t\t\t<br><span class=\"wpbc_wrap_select wpdev-form-control-wrap rangetime1\"><select onchange=\"javascript:if(typeof( wpbc_show_cost_hints_after_few_seconds )=='function'){wpbc_show_cost_hints_after_few_seconds(1);}\" name=\"rangetime1\" autocomplete=\"rangetime\" class=\"wpdev-validates-as-required\"><option value=\"\">--- Select ---<\/option><option value=\"15:00 - 15:30\">Din bes\u00f8gstid starter kl. 15.00<\/option><option value=\"15:30 - 16:00\">Din bes\u00f8gstid starter kl. 15.30<\/option><option value=\"16:00 - 16:30\">Din bes\u00f8gstid starter kl. 16.00<\/option><option value=\"16:30 - 17:00\">Din bes\u00f8gstid starter kl. 16.30<\/option><option value=\"17:00 - 17:30\">Din bes\u00f8gstid starter kl. 17.00<\/option><option value=\"17:30 - 18:00\">Din bes\u00f8gstid starter kl. 17.30<\/option><\/select><\/span>\n\t\t\t\t<\/div>\n\t\t\t<\/div>\n\t\t<\/div>\n\t\t<div class=\"wpbc__row\">\n\t\t\t<div style=\"flex-basis: 100%;--wpbc-bfb-col-dir: row;--wpbc-bfb-col-wrap: wrap;--wpbc-bfb-col-jc: flex-end;--wpbc-bfb-col-ai: flex-end;--wpbc-bfb-col-gap: 9px;--wpbc-bfb-col-aself: flex-end;--wpbc-col-min: 0px\" class=\"wpbc__field\">\n\t\t\t\t<div class=\"bfb_element\">\n\t\t\t\t\t<div class=\"wpbc_bfb_divider_wrap\" data-bfb-type=\"divider\" data-orientation=\"horizontal\" style=\"margin:0px 0px 0px 0px\"><hr name=\"divider-vertical-he5\" class=\"wpbc_bfb_divider wpbc_bfb_divider--h\" style=\"border:none;height:0;border-top:1px solid #ccc;width:100%;margin-left:auto;margin-right:auto\"><\/div>\n\t\t\t\t<\/div>\n\t\t\t\t<div class=\"bfb_element\">\n\t\t\t\t\t<a class=\"wpbc_button_light wpbc_wizard_step_button wpbc_wizard_step_2\">N\u00e6ste<\/a>\n\t\t\t\t<\/div>\n\t\t\t<\/div>\n\t\t<\/div>\n\t<\/div>\n\t<div class=\"wpbc_wizard_step wpbc__form__div wpbc_wizard_step2 wpbc_wizard_step_hidden\" style=\"display:none;clear:both\">\n\t\t<div class=\"wpbc__row\">\n\t\t\t<div style=\"flex-basis: 100%\" class=\"wpbc__field\">\n\t\t\t\t<div class=\"bfb_element\">\n\t\t\t\t\t<span class=\"wpbc_steps_for_timeline__steps_timeline6693\">\t<div class=\"wpbc_steps_for_timeline_container\">\r\n\t\t<div class=\"wpbc_steps_for_timeline\">\r\n\t\t<div class='wpbc_steps_for_timeline_step  wpbc_steps_for_timeline_step_completed'>\t<svg viewBox=\"0 0 512 512\" xmlns=\"http:\/\/www.w3.org\/2000\/svg\" role=\"img\" class=\"icon icon-success\" data-icon=\"check\" data-prefix=\"fas\" focusable=\"false\" aria-hidden=\"true\" width=\"10\" height=\"10\">\r\n\t\t<path xmlns=\"http:\/\/www.w3.org\/2000\/svg\" fill=\"currentColor\" d=\"M173.898 439.404l-166.4-166.4c-9.997-9.997-9.997-26.206 0-36.204l36.203-36.204c9.997-9.998 26.207-9.998 36.204 0L192 312.69 432.095 72.596c9.997-9.997 26.207-9.997 36.204 0l36.203 36.204c9.997 9.997 9.997 26.206 0 36.204l-294.4 294.401c-9.998 9.997-26.207 9.997-36.204-.001z\"><\/path>\r\n\t<\/svg>\r\n\t<svg viewBox=\"0 0 352 512\" xmlns=\"http:\/\/www.w3.org\/2000\/svg\" role=\"img\" class=\"icon icon-failed\" data-icon=\"times\" data-prefix=\"fas\" focusable=\"false\" aria-hidden=\"true\" width=\"8\" height=\"11\">\r\n\t\t<path xmlns=\"http:\/\/www.w3.org\/2000\/svg\" fill=\"currentColor\" d=\"M242.72 256l100.07-100.07c12.28-12.28 12.28-32.19 0-44.48l-22.24-22.24c-12.28-12.28-32.19-12.28-44.48 0L176 189.28 75.93 89.21c-12.28-12.28-32.19-12.28-44.48 0L9.21 111.45c-12.28 12.28-12.28 32.19 0 44.48L109.28 256 9.21 356.07c-12.28 12.28-12.28 32.19 0 44.48l22.24 22.24c12.28 12.28 32.2 12.28 44.48 0L176 322.72l100.07 100.07c12.28 12.28 32.2 12.28 44.48 0l22.24-22.24c12.28-12.28 12.28-32.19 0-44.48L242.72 256z\"><\/path>\r\n\t<\/svg>\r\n\t<\/div><div class='wpbc_steps_for_timeline_step_line wpbc_steps_for_timeline_line_active' ><\/div ><div class='wpbc_steps_for_timeline_step  wpbc_steps_for_timeline_step_active'>\t<svg viewBox=\"0 0 512 512\" xmlns=\"http:\/\/www.w3.org\/2000\/svg\" role=\"img\" class=\"icon icon-success\" data-icon=\"check\" data-prefix=\"fas\" focusable=\"false\" aria-hidden=\"true\" width=\"10\" height=\"10\">\r\n\t\t<path xmlns=\"http:\/\/www.w3.org\/2000\/svg\" fill=\"currentColor\" d=\"M173.898 439.404l-166.4-166.4c-9.997-9.997-9.997-26.206 0-36.204l36.203-36.204c9.997-9.998 26.207-9.998 36.204 0L192 312.69 432.095 72.596c9.997-9.997 26.207-9.997 36.204 0l36.203 36.204c9.997 9.997 9.997 26.206 0 36.204l-294.4 294.401c-9.998 9.997-26.207 9.997-36.204-.001z\"><\/path>\r\n\t<\/svg>\r\n\t<svg viewBox=\"0 0 352 512\" xmlns=\"http:\/\/www.w3.org\/2000\/svg\" role=\"img\" class=\"icon icon-failed\" data-icon=\"times\" data-prefix=\"fas\" focusable=\"false\" aria-hidden=\"true\" width=\"8\" height=\"11\">\r\n\t\t<path xmlns=\"http:\/\/www.w3.org\/2000\/svg\" fill=\"currentColor\" d=\"M242.72 256l100.07-100.07c12.28-12.28 12.28-32.19 0-44.48l-22.24-22.24c-12.28-12.28-32.19-12.28-44.48 0L176 189.28 75.93 89.21c-12.28-12.28-32.19-12.28-44.48 0L9.21 111.45c-12.28 12.28-12.28 32.19 0 44.48L109.28 256 9.21 356.07c-12.28 12.28-12.28 32.19 0 44.48l22.24 22.24c12.28 12.28 32.2 12.28 44.48 0L176 322.72l100.07 100.07c12.28 12.28 32.2 12.28 44.48 0l22.24-22.24c12.28-12.28 12.28-32.19 0-44.48L242.72 256z\"><\/path>\r\n\t<\/svg>\r\n\t<\/div>\t\t<\/div>\r\n\t<\/div>\r\n\t<\/span><style type=\"text\/css\"> .booking_form_div .wpbc_steps_for_timeline__steps_timeline6693 .wpbc_steps_for_timeline_container { --wpbc_steps_for_timeline_active_color: #619d40; } <\/style>\n\t\t\t\t<\/div>\n\t\t\t<\/div>\n\t\t<\/div>\n\t\t<div class=\"wpbc__row\">\n\t\t\t<div style=\"flex-basis: 48.5%\" class=\"wpbc__field\">\n\t\t\t\t<div class=\"bfb_element\">\n\t\t\t\t\t<label>First Name*<\/label>\n\t\t\t\t\t<br><span class=\"wpbc_wrap_text wpdev-form-control-wrap name1\"><input type=\"text\" name=\"name1\" value=\"\" autocomplete=\"name\" class=\"wpdev-validates-as-required\" size=\"40\" \/><\/span>\n\t\t\t\t<\/div>\n\t\t\t<\/div>\n\t\t\t<div style=\"flex-basis: 48.5%\" class=\"wpbc__field\">\n\t\t\t\t<div class=\"bfb_element\">\n\t\t\t\t\t<label>Last Name*<\/label>\n\t\t\t\t\t<br><span class=\"wpbc_wrap_text wpdev-form-control-wrap secondname1\"><input type=\"text\" name=\"secondname1\" value=\"\" autocomplete=\"secondname\" class=\"wpdev-validates-as-required\" size=\"40\" \/><\/span>\n\t\t\t\t<\/div>\n\t\t\t<\/div>\n\t\t<\/div>\n\t\t<div class=\"wpbc__row\">\n\t\t\t<div style=\"flex-basis: 48.5%\" class=\"wpbc__field\">\n\t\t\t\t<div class=\"bfb_element\">\n\t\t\t\t\t<label>Email*<\/label>\n\t\t\t\t\t<br><span class=\"wpbc_wrap_text wpdev-form-control-wrap email1\"><input type=\"email\" name=\"email1\" value=\"\" autocomplete=\"email\" class=\"wpdev-validates-as-email wpdev-validates-as-required\" size=\"40\" \/><\/span>\n\t\t\t\t<\/div>\n\t\t\t<\/div>\n\t\t\t<div style=\"flex-basis: 48.5%\" class=\"wpbc__field\">\n\t\t\t\t<div class=\"bfb_element\">\n\t\t\t\t\t<label>Phone<\/label>\n\t\t\t\t\t<br><span class=\"wpbc_wrap_text wpdev-form-control-wrap phone1\"><input type=\"text\" name=\"phone1\" value=\"\" autocomplete=\"phone\" size=\"40\" \/><\/span>\n\t\t\t\t<\/div>\n\t\t\t<\/div>\n\t\t<\/div>\n\t\t<div class=\"wpbc__row\">\n\t\t\t<div style=\"flex-basis: 100%\" class=\"wpbc__field\">\n\t\t\t\t<div class=\"bfb_element\">\n\t\t\t\t\t<label>Details<\/label>\n\t\t\t\t\t<br><span class=\"wpbc_wrap_textarea wpdev-form-control-wrap details1\"><textarea name=\"details1\" autocomplete=\"details\"><\/textarea><\/span>\n\t\t\t\t<\/div>\n\t\t\t<\/div>\n\t\t<\/div>\n\t\t<div class=\"wpbc__row\">\n\t\t\t<div style=\"flex-basis: 100%;--wpbc-bfb-col-dir: row;--wpbc-bfb-col-wrap: wrap;--wpbc-bfb-col-jc: flex-end;--wpbc-bfb-col-ai: flex-end;--wpbc-bfb-col-gap: 9px;--wpbc-bfb-col-aself: flex-end;--wpbc-col-min: 0px\" class=\"wpbc__field\">\n\t\t\t\t<div class=\"bfb_element\">\n\t\t\t\t\t<div class=\"wpbc_bfb_divider_wrap\" data-bfb-type=\"divider\" data-orientation=\"horizontal\" style=\"margin:0px 0px 0px 0px\"><hr name=\"divider-vertical-he13\" class=\"wpbc_bfb_divider wpbc_bfb_divider--h\" style=\"border:none;height:0;border-top:1px solid #ccc;width:100%;margin-left:auto;margin-right:auto\"><\/div>\n\t\t\t\t<\/div>\n\t\t\t\t<div class=\"bfb_element\">\n\t\t\t\t\t<a class=\"wpbc_button_light wpbc_wizard_step_button wpbc_wizard_step_1\">Tilbage<\/a>\n\t\t\t\t<\/div>\n\t\t\t\t<div class=\"bfb_element\">\n\t\t\t\t\t<span class=\"wpbc_bfb__btn wpbc_bfb__btn--primary\" style=\"flex:1\"><input type=\"button\" value=\"Send \/ Submit\" class=\"wpbc_button_light\" onclick=\"wpbc_booking_form_submit(this.form,1, 'da_DK');\" \/><\/span>\n\t\t\t\t<\/div>\n\t\t\t<\/div>\n\t\t<\/div>\n\t<\/div>\n<\/div><input id=\"bk_type1\" name=\"bk_type1\" class=\"\" type=\"hidden\" value=\"1\" \/><\/div><div id=\"submiting1\"><\/div><div class=\"form_bk_messages\" id=\"form_bk_messages1\" ><\/div><input type=\"hidden\" id=\"wpbc_nonceCALCULATE_THE_COST1\" name=\"wpbc_nonceCALCULATE_THE_COST1\" value=\"8e6f1dd398\" \/><input type=\"hidden\" name=\"_wp_http_referer\" value=\"\/index.php?rest_route=%2Fwp%2Fv2%2Fpages%2F370\" \/><\/form><\/div><div id=\"booking_form_garbage1\" class=\"booking_form_garbage\"><\/div> \n<p>Vores d\u00e6kningsomr\u00e5de er prim\u00e6rt <strong>Jylland<\/strong> og <strong>Fyn<\/strong> med omliggende \u00f8er og sekund\u00e6rt <strong>Sj\u00e6lland<\/strong> med omliggende \u00f8er.<\/p>\n<p><strong>Kontakt:<\/strong> Telefon <strong>25 537 512<\/strong> eller <strong>28 930 720<\/strong>&nbsp; &#8211; telefontid mandage kl. 15-18 og onsdage kl. 16-17 eller send mail til <strong><span style=\"color: #0000ff;\">info@dffl.dk&nbsp;<\/span><\/strong><\/p>\n<p>NB: Der modtages ikke alm. brevpost, men alene via e-mail eller e-Boks!<\/p>\n<p><img loading=\"lazy\" decoding=\"async\" class=\"size-full wp-image-623 alignleft\" src=\"https:\/\/dffl.dk\/wp-content\/uploads\/2022\/06\/DFFL-LOGO-10-x-10-m.-hvid-skrift.jpg\" alt=\"\" width=\"99\" height=\"99\"><\/p>\n","protected":false},"excerpt":{"rendered":"<p>Hver mandag mellem kl. 15:00 og 18:00 har du mulighed for at reservere tid til et personligt m\u00f8de hos De Forenede Frie Lejere i Viborg. V\u00e6lg dato i kalenderen og udfyld felter i skemaet l\u00e6ngere nede p\u00e5 siden. Du f\u00e5r &hellip;<\/p>\n<p class=\"read-more\"> <a class=\"more-link\" href=\"https:\/\/dffl.dk\/?page_id=370\"> <span class=\"screen-reader-text\">Aftal tid for personlig m\u00f8de<\/span> Read More &raquo;<\/a><\/p>\n","protected":false},"author":1,"featured_media":0,"parent":0,"menu_order":0,"comment_status":"closed","ping_status":"closed","template":"","meta":{"_stc_notifier_status":"","_stc_notifier_sent_time":"","_stc_notifier_request":false,"_stc_notifier_prevent":false,"_stc_subscriber_keywords":"","_stc_subscriber_search_areas":"","om_disable_all_campaigns":false,"_monsterinsights_skip_tracking":false,"_monsterinsights_sitenote_active":false,"_monsterinsights_sitenote_note":"","_monsterinsights_sitenote_category":0,"ngg_post_thumbnail":0,"footnotes":""},"class_list":["post-370","page","type-page","status-publish","hentry"],"aioseo_notices":[],"_links":{"self":[{"href":"https:\/\/dffl.dk\/index.php?rest_route=\/wp\/v2\/pages\/370","targetHints":{"allow":["GET"]}}],"collection":[{"href":"https:\/\/dffl.dk\/index.php?rest_route=\/wp\/v2\/pages"}],"about":[{"href":"https:\/\/dffl.dk\/index.php?rest_route=\/wp\/v2\/types\/page"}],"author":[{"embeddable":true,"href":"https:\/\/dffl.dk\/index.php?rest_route=\/wp\/v2\/users\/1"}],"replies":[{"embeddable":true,"href":"https:\/\/dffl.dk\/index.php?rest_route=%2Fwp%2Fv2%2Fcomments&post=370"}],"version-history":[{"count":25,"href":"https:\/\/dffl.dk\/index.php?rest_route=\/wp\/v2\/pages\/370\/revisions"}],"predecessor-version":[{"id":931,"href":"https:\/\/dffl.dk\/index.php?rest_route=\/wp\/v2\/pages\/370\/revisions\/931"}],"wp:attachment":[{"href":"https:\/\/dffl.dk\/index.php?rest_route=%2Fwp%2Fv2%2Fmedia&parent=370"}],"curies":[{"name":"wp","href":"https:\/\/api.w.org\/{rel}","templated":true}]}}