{"id":345,"date":"2021-08-25T11:02:01","date_gmt":"2021-08-25T11:02:01","guid":{"rendered":"https:\/\/dffl.dk\/?page_id=345"},"modified":"2026-01-20T15:16:04","modified_gmt":"2026-01-20T15:16:04","slug":"bestyrelsen-i-dffl","status":"publish","type":"page","link":"https:\/\/dffl.dk\/?page_id=345","title":{"rendered":"Bestyrelsen  i DFFL"},"content":{"rendered":"<h3>Bestyrelsen i De Forenede Frie Lejere er sammensat af:<\/h3>\n<p><span style=\"color: #0000ff;\"><span style=\"color: #000000;\">Johan \u00d8stergaard, <strong>Skals<\/strong> (formand) &#8211; e-mail:<\/span> johan@dffl.dk<br \/>\n<\/span><span style=\"color: #0000ff;\"><span style=\"color: #000000;\">Steen Skaarup Jensen, <strong>Hobro<\/strong> (n\u00e6stformand) &#8211; e-mail: <span style=\"color: #3366ff;\">steen@dffl.dk<\/span><br \/>\n<\/span><\/span><span style=\"color: #0000ff;\"><span style=\"color: #000000;\">Mette Gerstr\u00f8m,&nbsp;<strong>Frederiks<\/strong> (sekret\u00e6r) &#8211; e-mail <span style=\"color: #0000ff;\">mette@dffl.dk<\/span><\/span><br \/>\n<\/span><span style=\"color: #000000;\">Lone Jarr<\/span>els, <strong>Viborg&nbsp;<\/strong>(kasserer) &#8211; e-mail: <span style=\"color: #0000ff;\">lj@dffl.dk<br \/>\n<\/span><span style=\"color: #0000ff;\"><span style=\"color: #000000;\">Hanne Stefansen, <strong>Hirtshals<\/strong> (bestyrelsesmedlem) &#8211; e-mail: <span style=\"color: #0000ff;\">vibekeblomster@gmail.com<\/span><br \/>\n<\/span><\/span>J\u00f8rgen Gravesen, <strong>M\u00f8nsted<\/strong> (<span style=\"color: #0000ff;\"><span style=\"color: #000000;\">bestyrelsesmedlem<\/span><\/span>) &#8211; e-mail:<span style=\"color: #3366ff;\"> djgravesen@gmail.com<br \/>\n<\/span>Mathias Steffensen, <strong>Hobro<\/strong> (<span style=\"color: #0000ff;\"><span style=\"color: #000000;\">bestyrelsesmedlem<\/span><\/span>) &#8211; e-mail: <span id=\"MainContent_tbEmail\" class=\"control-label\" style=\"color: #3366ff;\"> mathias-stef@hotmail.com<\/span><\/p>\n<p><span style=\"color: #0000ff;\"><span style=\"color: #000000;\">Dennis Micheelsen, <strong>Viborg<\/strong> (revisor) &#8211; e-mail:<\/span> dennis@dmalit.dk<br \/>\n<\/span>Arne J. Larsen, <strong>Viborg<\/strong> (revisor suppleant) &#8211; e-mail: <span style=\"color: #3366ff;\">arnejuellarsen@gmail.com<\/span><\/p>\n<p><em>Opdateret ifm. afholdt generalforsamling 24-3-2025<\/em><\/p>\n<p><em><strong>Stifter og formidler: Paul Erik Pedersen<\/strong><\/em><\/p>\n<p><img loading=\"lazy\" decoding=\"async\" class=\"size-full wp-image-623 alignleft\" src=\"https:\/\/dffl.dk\/wp-content\/uploads\/2022\/06\/DFFL-LOGO-10-x-10-m.-hvid-skrift.jpg\" alt=\"\" width=\"99\" height=\"99\"><\/p>\n","protected":false},"excerpt":{"rendered":"<p>Bestyrelsen i De Forenede Frie Lejere er sammensat af: Johan \u00d8stergaard, Skals (formand) &#8211; e-mail: johan@dffl.dk Steen Skaarup Jensen, Hobro (n\u00e6stformand) &#8211; e-mail: steen@dffl.dk Mette Gerstr\u00f8m,&nbsp;Frederiks (sekret\u00e6r) &#8211; e-mail mette@dffl.dk Lone Jarrels, Viborg&nbsp;(kasserer) &#8211; e-mail: lj@dffl.dk Hanne Stefansen, Hirtshals (bestyrelsesmedlem) &hellip;<\/p>\n<p class=\"read-more\"> <a class=\"more-link\" href=\"https:\/\/dffl.dk\/?page_id=345\"> <span class=\"screen-reader-text\">Bestyrelsen  i DFFL<\/span> Read More &raquo;<\/a><\/p>\n","protected":false},"author":1,"featured_media":0,"parent":0,"menu_order":0,"comment_status":"closed","ping_status":"closed","template":"","meta":{"_stc_notifier_status":"","_stc_notifier_sent_time":"","_stc_notifier_request":false,"_stc_notifier_prevent":false,"_stc_subscriber_keywords":"","_stc_subscriber_search_areas":"","om_disable_all_campaigns":false,"_monsterinsights_skip_tracking":false,"_monsterinsights_sitenote_active":false,"_monsterinsights_sitenote_note":"","_monsterinsights_sitenote_category":0,"ngg_post_thumbnail":0,"footnotes":""},"class_list":["post-345","page","type-page","status-publish","hentry"],"aioseo_notices":[],"_links":{"self":[{"href":"https:\/\/dffl.dk\/index.php?rest_route=\/wp\/v2\/pages\/345","targetHints":{"allow":["GET"]}}],"collection":[{"href":"https:\/\/dffl.dk\/index.php?rest_route=\/wp\/v2\/pages"}],"about":[{"href":"https:\/\/dffl.dk\/index.php?rest_route=\/wp\/v2\/types\/page"}],"author":[{"embeddable":true,"href":"https:\/\/dffl.dk\/index.php?rest_route=\/wp\/v2\/users\/1"}],"replies":[{"embeddable":true,"href":"https:\/\/dffl.dk\/index.php?rest_route=%2Fwp%2Fv2%2Fcomments&post=345"}],"version-history":[{"count":18,"href":"https:\/\/dffl.dk\/index.php?rest_route=\/wp\/v2\/pages\/345\/revisions"}],"predecessor-version":[{"id":996,"href":"https:\/\/dffl.dk\/index.php?rest_route=\/wp\/v2\/pages\/345\/revisions\/996"}],"wp:attachment":[{"href":"https:\/\/dffl.dk\/index.php?rest_route=%2Fwp%2Fv2%2Fmedia&parent=345"}],"curies":[{"name":"wp","href":"https:\/\/api.w.org\/{rel}","templated":true}]}}