{"id":23,"date":"2020-11-17T19:43:45","date_gmt":"2020-11-17T19:43:45","guid":{"rendered":"http:\/\/dffl.dk\/?page_id=23"},"modified":"2026-04-20T08:36:26","modified_gmt":"2026-04-20T08:36:26","slug":"forside","status":"publish","type":"page","link":"https:\/\/dffl.dk\/","title":{"rendered":"Velkommen hos DFFL"},"content":{"rendered":"<h1><img loading=\"lazy\" decoding=\"async\" class=\" wp-image-623 aligncenter\" src=\"https:\/\/dffl.dk\/wp-content\/uploads\/2022\/06\/DFFL-LOGO-10-x-10-m.-hvid-skrift.jpg\" alt=\"\" width=\"152\" height=\"152\"><\/h1>\r\n\r\n<div class=\"schema-how-to wp-block-yoast-how-to-block\">\r\n<h3 class=\"schema-how-to-step-text\"><strong>De Forenede Frie Lejere (DFFL)<\/strong> er en selvst\u00e6ndig og uafh\u00e6ngig lejerforening, hvor du som lejer kan tegne et medlemskab og f\u00e5 r\u00e5d, vejledning og assistance i lejeretlige sp\u00f8rgsm\u00e5l &#8211;&nbsp; dog tager vi indledningsvis altid f\u00f8rst en snak, om hvorvidt du har en sag eller ej, inden du beh\u00f8ver at tegne et medlemskab.<\/h3>\r\n<h4 class=\"schema-how-to-step-text\"><strong>S<\/strong>om medlem r\u00e5dgiver vi dig, n\u00e5r du har brug for juridisk st\u00f8tte i en sag, st\u00e5r i en konflikt med din udlejer, eller du har et principielt lejelovs sp\u00f8rgsm\u00e5l omkring det at bo i lejebolig iht. nedenst\u00e5ende kategorier:<\/h4>\r\n<ul>\r\n<li style=\"list-style-type: none;\">\r\n<ul>\r\n<li style=\"list-style-type: none;\">\r\n<ul>\r\n<li>Lejens st\u00f8rrelse<\/li>\r\n<li>Ind- og fraflytning \u2013 herunder deltagelse i syn<\/li>\r\n<li>Fejl og mangler i lejeboligen, som udlejer har pligt til at udbedre<\/li>\r\n<li>Forbrugsregnskaber&nbsp;<\/li>\r\n<li>Huslejestigning<\/li>\r\n<li>Skimmelsvamp<\/li>\r\n<li>Husorden<\/li>\r\n<li>R\u00e5deret<\/li>\r\n<li>Klarg\u00f8ring af sager til huslejen\u00e6vn og beboerklagen\u00e6vn<\/li>\r\n<li>Henvisning til dedikeret sagsbehandler hos <span style=\"color: #008000;\">Lejeretlig R\u00e5dgivningskontor<\/span><\/li>\r\n<li>Henvisning til advokat, hvis en sag skal behandles i boligretten<\/li>\r\n<\/ul>\r\n<\/li>\r\n<\/ul>\r\n<\/li>\r\n<\/ul>\r\n<p>Vores d\u00e6kningsomr\u00e5de er prim\u00e6rt <strong>Jylland<\/strong> og <strong>Fyn<\/strong> med omliggende \u00f8er og sekund\u00e6rt <strong>Sj\u00e6lland<\/strong> med omliggende \u00f8er.<\/p>\r\n<p><em><strong>Vi tr\u00e6ffes p\u00e5 tlf. 25 537 512 eller p\u00e5 28 930 720 &#8211; m<\/strong><\/em>andage mellem kl. 15 og 18 samt onsdage mellem kl. 16 og 17.<br>Du kan ogs\u00e5 sende en mail til<span style=\"color: #0000ff;\"> info@dffl.dk,<span style=\"color: #000000;\"> der tjekkes dagligt.<\/span><\/span><\/p>\r\n<p>Et <strong>medlemskab koster<\/strong> pr. \u00bd \u00e5r&nbsp; for studerende eller pensionister 275,- kr.&nbsp; og for en husstand 350,- kr.<\/p>\r\n<p><strong>Indmeldelsesgebyr<\/strong> for studerende eller pensionister koster 275,- kr.&nbsp; og indmeldelsesgebyr for en husstand koster 350,- kr,<\/p>\r\n<p>Der er 8 dages fortrydelsesret.<\/p>\r\n<h3><a title=\"Bliv medlem\" href=\"https:\/\/lronline.dk\/memberuserEditFrontend\" target=\"_blank\" rel=\"noopener\">Klik<\/a> <a title=\"Bliv medlem\" href=\"https:\/\/lronline.dk\/memberuserEditFrontend\" target=\"_blank\" rel=\"noopener\">her for at tegne et medlemskab . . .<\/a><\/h3>\r\n<p><strong>Mulighed for personlig m\u00f8de hver mandag mellem kl. 15:00 og 18:00 p\u00e5 adressen:&nbsp;<\/strong><\/p>\r\n<h3>De Frivilliges Hus &#8211; Stationen<br>Lille Sct. Hans Gade 7<br>8800 Viborg<\/h3>\r\n<h3><a title=\"Booking af tid for personlig fremm\u00f8de\" href=\"https:\/\/dffl.dk\/?page_id=370\" target=\"_blank\" rel=\"noopener\">Klik her for tidsbestilling for personlig fremm\u00f8de . . .<\/a><\/h3>\r\n<p><strong><span style=\"color: #ff0000;\">Bem\u00e6rk<\/span>: <\/strong><em>Du beh\u00f8ver ikke at v\u00e6re medlem for at stille et indledende sp\u00f8rgsm\u00e5l eller komme forbi til et personligt m\u00f8de.<\/em><\/p>\r\n<p><strong>De Forenede Frie Lejere<\/strong> &#8211; <strong>Cvr.:<\/strong> 42088374 &#8211; <strong>Tlf.:<\/strong> 25 537 512 eller 28 930 720 &#8211; &nbsp;mail: <span style=\"color: #3366ff;\">info@dffl.dk&nbsp;<\/span><\/p>\r\n<\/div>\r\n","protected":false},"excerpt":{"rendered":"","protected":false},"author":1,"featured_media":0,"parent":0,"menu_order":0,"comment_status":"closed","ping_status":"closed","template":"","meta":{"_stc_notifier_status":"","_stc_notifier_sent_time":"","_stc_notifier_request":false,"_stc_notifier_prevent":false,"_stc_subscriber_keywords":"","_stc_subscriber_search_areas":"","om_disable_all_campaigns":false,"_monsterinsights_skip_tracking":false,"_monsterinsights_sitenote_active":false,"_monsterinsights_sitenote_note":"","_monsterinsights_sitenote_category":0,"ngg_post_thumbnail":0,"footnotes":""},"class_list":["post-23","page","type-page","status-publish","hentry"],"aioseo_notices":[],"_links":{"self":[{"href":"https:\/\/dffl.dk\/index.php?rest_route=\/wp\/v2\/pages\/23","targetHints":{"allow":["GET"]}}],"collection":[{"href":"https:\/\/dffl.dk\/index.php?rest_route=\/wp\/v2\/pages"}],"about":[{"href":"https:\/\/dffl.dk\/index.php?rest_route=\/wp\/v2\/types\/page"}],"author":[{"embeddable":true,"href":"https:\/\/dffl.dk\/index.php?rest_route=\/wp\/v2\/users\/1"}],"replies":[{"embeddable":true,"href":"https:\/\/dffl.dk\/index.php?rest_route=%2Fwp%2Fv2%2Fcomments&post=23"}],"version-history":[{"count":44,"href":"https:\/\/dffl.dk\/index.php?rest_route=\/wp\/v2\/pages\/23\/revisions"}],"predecessor-version":[{"id":1051,"href":"https:\/\/dffl.dk\/index.php?rest_route=\/wp\/v2\/pages\/23\/revisions\/1051"}],"wp:attachment":[{"href":"https:\/\/dffl.dk\/index.php?rest_route=%2Fwp%2Fv2%2Fmedia&parent=23"}],"curies":[{"name":"wp","href":"https:\/\/api.w.org\/{rel}","templated":true}]}}