{"id":218,"date":"2021-02-07T13:29:51","date_gmt":"2021-02-07T13:29:51","guid":{"rendered":"https:\/\/dffl.dk\/?page_id=218"},"modified":"2023-11-19T14:18:48","modified_gmt":"2023-11-19T14:18:48","slug":"sagsskema","status":"publish","type":"page","link":"https:\/\/dffl.dk\/?page_id=218","title":{"rendered":"Sagsskema \/ Caseform &#8211; opret sag"},"content":{"rendered":"<h2><strong>Download Sagsskema \/ Case form:<\/strong><\/h2>\n<p><a href=\"https:\/\/dffl.dk\/wp-content\/uploads\/2023\/11\/@Opret-sag-m.-vejledning-19-11-2023.docx\" target=\"_blank\" rel=\"noopener\"><img loading=\"lazy\" decoding=\"async\" class=\"alignleft wp-image-226\" src=\"https:\/\/dffl.dk\/wp-content\/uploads\/2021\/02\/Wordikon-sagsskema-300x60.jpg\" alt=\"\" width=\"255\" height=\"51\" srcset=\"https:\/\/dffl.dk\/wp-content\/uploads\/2021\/02\/Wordikon-sagsskema-300x60.jpg 300w, https:\/\/dffl.dk\/wp-content\/uploads\/2021\/02\/Wordikon-sagsskema-100x20.jpg 100w, https:\/\/dffl.dk\/wp-content\/uploads\/2021\/02\/Wordikon-sagsskema-150x30.jpg 150w, https:\/\/dffl.dk\/wp-content\/uploads\/2021\/02\/Wordikon-sagsskema-200x40.jpg 200w, https:\/\/dffl.dk\/wp-content\/uploads\/2021\/02\/Wordikon-sagsskema.jpg 404w\" sizes=\"auto, (max-width: 255px) 100vw, 255px\" \/><\/a>Som medlem kan du &nbsp;downloade et sagsskema p\u00e5 dansk &nbsp;i <strong>Word format (<a href=\"https:\/\/dffl.dk\/wp-content\/uploads\/2023\/11\/@Opret-sag-m.-vejledning-19-11-2023.docx\" target=\"_blank\" rel=\"noopener\">klik her&#8230;<\/a>),<\/strong> som du kan udfylde og maile ti<span style=\"color: #0000ff;\">l info@dffl.dk<\/span> sammen med anden relevant dokumentation omkring din sag. Dokumentationen skal vedh\u00e6ftes som Word dokumenter eller PDF filer. Billeder, videoer og lydfiler kan ogs\u00e5 vedh\u00e6ftes. Omtalte dokumenter og filer m\u00e5 IKKE v\u00e6re en del af mailens tekstfelt, men skal vedh\u00e6ftes mailen. St\u00f8rre m\u00e6ngde af data (max. 2 GB) kan samles og sendes via <a href=\"http:\/\/www.wetransfer.com\" target=\"_blank\" rel=\"noopener\"><span style=\"color: #0000ff;\">wetransfer.com&nbsp;<\/span><\/a>til info@dffl.dk.<br \/>\n<strong>Du kan ogs\u00e5 logge p\u00e5 og direkte oprette en sag via linket:<\/strong> <span style=\"color: #0000ff;\"><a style=\"color: #0000ff;\" href=\"http:\/\/lronline.dk\/admin\/Default.aspx\" target=\"_blank\" rel=\"noopener\">Opret sag &#8211; klik her. . .<\/a>&nbsp;<\/span><\/p>\n<p><span class=\"VIiyi\" lang=\"en\"><span class=\"JLqJ4b ChMk0b\" data-language-for-alternatives=\"en\" data-language-to-translate-into=\"da\" data-phrase-index=\"0\" data-wp-editing=\"1\">As a member <a href=\"https:\/\/dffl.dk\/wp-content\/uploads\/2021\/02\/Case-form-EN.docx\" target=\"_blank\" rel=\"noopener\">you can<\/a><a href=\"https:\/\/dffl.dk\/wp-content\/uploads\/2021\/12\/Create-DFFL-Online-Case.docx\" target=\"_blank\" rel=\"noopener\"><img loading=\"lazy\" decoding=\"async\" class=\"alignleft\" src=\"https:\/\/dffl.dk\/wp-content\/uploads\/2021\/02\/Wordikon-case-form-300x60.jpg\" alt=\"\" width=\"255\" height=\"51\"><\/a> c<a href=\"https:\/\/dffl.dk\/wp-content\/uploads\/2021\/12\/Create-DFFL-Online-Case.docx\" target=\"_blank\" rel=\"noopener\">lick here to download a case form in English<\/a> Word format, which you can fill in and email to<span style=\"color: #3366ff;\"> info@<\/span><span style=\"color: #3366ff;\">dffl.dk<\/span> together with other relevant documentation about your case. <\/span><\/span><span class=\"JLqJ4b ChMk0b\" data-language-for-alternatives=\"en\" data-language-to-translate-into=\"da\" data-phrase-index=\"2\">The documentation must be attached as Word documents or PDF files.<\/span> <span class=\"JLqJ4b ChMk0b\" data-language-for-alternatives=\"en\" data-language-to-translate-into=\"da\" data-phrase-index=\"3\">Images, videos and audio files can also be attached.<\/span> <span class=\"JLqJ4b ChMk0b\" data-language-for-alternatives=\"en\" data-language-to-translate-into=\"da\" data-phrase-index=\"4\">Mentioned documents and files must NOT be part of the email text field, but must be attached to the email. <\/span><span class=\"JLqJ4b ChMk0b\" data-language-for-alternatives=\"en\" data-language-to-translate-into=\"da\" data-phrase-index=\"5\">Larger amount of data (max. 2 GB) can be collected and sent via <a href=\"http:\/\/wetransfer.com\" target=\"_blank\" rel=\"noopener\"><span style=\"color: #3366ff;\">wetransfer.com<\/span><\/a> to info@dffl.dk.<br \/>\n<\/span><strong>You can also log in and directly create your case via the link: <\/strong><span style=\"color: #0000ff;\"><a style=\"color: #0000ff;\" href=\"http:\/\/lronline.dk\/admin\/Default.aspx\" target=\"_blank\" rel=\"noopener\">Create case &#8211; click here. . .<\/a><\/span><\/p>\n<p>&nbsp;<\/p>\n","protected":false},"excerpt":{"rendered":"<p>Download Sagsskema \/ Case form: Som medlem kan du &nbsp;downloade et sagsskema p\u00e5 dansk &nbsp;i Word format (klik her&#8230;), som du kan udfylde og maile til info@dffl.dk sammen med anden relevant dokumentation omkring din sag. Dokumentationen skal vedh\u00e6ftes som Word &hellip;<\/p>\n<p class=\"read-more\"> <a class=\"more-link\" href=\"https:\/\/dffl.dk\/?page_id=218\"> <span class=\"screen-reader-text\">Sagsskema \/ Caseform &#8211; opret sag<\/span> Read More &raquo;<\/a><\/p>\n","protected":false},"author":1,"featured_media":0,"parent":0,"menu_order":0,"comment_status":"closed","ping_status":"closed","template":"","meta":{"_stc_notifier_status":"","_stc_notifier_sent_time":"","_stc_notifier_request":false,"_stc_notifier_prevent":false,"_stc_subscriber_keywords":"","_stc_subscriber_search_areas":"","om_disable_all_campaigns":false,"_monsterinsights_skip_tracking":false,"_monsterinsights_sitenote_active":false,"_monsterinsights_sitenote_note":"","_monsterinsights_sitenote_category":0,"ngg_post_thumbnail":0,"footnotes":""},"class_list":["post-218","page","type-page","status-publish","hentry"],"aioseo_notices":[],"_links":{"self":[{"href":"https:\/\/dffl.dk\/index.php?rest_route=\/wp\/v2\/pages\/218","targetHints":{"allow":["GET"]}}],"collection":[{"href":"https:\/\/dffl.dk\/index.php?rest_route=\/wp\/v2\/pages"}],"about":[{"href":"https:\/\/dffl.dk\/index.php?rest_route=\/wp\/v2\/types\/page"}],"author":[{"embeddable":true,"href":"https:\/\/dffl.dk\/index.php?rest_route=\/wp\/v2\/users\/1"}],"replies":[{"embeddable":true,"href":"https:\/\/dffl.dk\/index.php?rest_route=%2Fwp%2Fv2%2Fcomments&post=218"}],"version-history":[{"count":25,"href":"https:\/\/dffl.dk\/index.php?rest_route=\/wp\/v2\/pages\/218\/revisions"}],"predecessor-version":[{"id":872,"href":"https:\/\/dffl.dk\/index.php?rest_route=\/wp\/v2\/pages\/218\/revisions\/872"}],"wp:attachment":[{"href":"https:\/\/dffl.dk\/index.php?rest_route=%2Fwp%2Fv2%2Fmedia&parent=218"}],"curies":[{"name":"wp","href":"https:\/\/api.w.org\/{rel}","templated":true}]}}