{"id":158,"date":"2021-01-02T18:22:08","date_gmt":"2021-01-02T18:22:08","guid":{"rendered":"http:\/\/dffl.dk\/?page_id=158"},"modified":"2022-04-08T12:52:01","modified_gmt":"2022-04-08T12:52:01","slug":"cookies","status":"publish","type":"page","link":"https:\/\/dffl.dk\/?page_id=158","title":{"rendered":"Cookies"},"content":{"rendered":"<div class=\"thumbnail\"><strong>Brug af cookies p\u00e5 www.dffl.dk<\/strong><\/div>\n<div class=\"entry-content\">\n<p>Hvad er en cookie?<br \/>\nEn cookie er et stykke information som opbevares p\u00e5 din computer. De anvendes typisk til at sikre at den tekniske funktion af et website men kan ogs\u00e5 anvendes til at opsamle statistiske informationer om brugeres f\u00e6rden.<\/p>\n<p>Hvad er cookie-loven?<br \/>\nCookie-loven skal beskytte brugere mod uretm\u00e6ssig opsamling af deres brug af websteder. Alle danske netsteder er forpligtet til at informere om, hvilke cookies der afs\u00e6ttes p\u00e5 brugerens udstyr. Informationen skal v\u00e6re i overensstemmelse med \u201dBekendtg\u00f8relse om krav til information og samtykke ved lagring af og adgang til oplysninger i slutbrugeres terminaludstyr\u201d, som er en del af et EU-direktiv om beskyttelse af privatlivets fred i elektronisk kommunikation.<\/p>\n<p>Vores brug af cookies p\u00e5 www.dffl.dk<\/p>\n<p>P\u00e5 www.dffl.dk bruger vi cookies til at opsamle 100% anonym information om brugernes f\u00e6rden. Denne cookie slettes fra din browser n\u00e5r du afslutter bes\u00f8get hos os. Vi anvender den opsamlede viden til at forbedre vores website s\u00e5 du som bes\u00f8gende hurtigst og lettest muligt finder den information du har brug for hos os. Hvis du logger p\u00e5 eller handler hos os, anvender vi tillige cookies til at sikre den tekniske gennemf\u00f8rsel af de n\u00e6vnte services.<\/p>\n<p>Google Analytics<br \/>\nVi anvender desuden Google Analytics cookies til at m\u00e5le din brug af www.dffl.dk. Disse m\u00e5linger bruges til at lave statistik over brugen af websitet, samt til at finde uhensigtsm\u00e6ssigheder p\u00e5 websitet, s\u00e5 vi kan forbedre din oplevelse af www.dffl.dk.<\/p>\n<p>Cookien indeholder et tilf\u00e6ldigt genereret ID, der anvendes til at genkende din browser, n\u00e5r du l\u00e6ser en webside der bruger Google Analytics. Cookien indeholder ingen personlige oplysninger og anvendes kun til webanalyse.<\/p>\n<p>Hvordan v\u00e6lger jeg cookies fra?<br \/>\nDu kan i alle almindelige browsere v\u00e6lge at frakoble cookies. Bem\u00e6rk at det kan betyde at websteder ikke l\u00e6ngere fungerer korrekt. L\u00e6s mere om dine muligheder hos din valgte browserleverand\u00f8r.<\/p>\n<p>Vejledning i at slette cookies p\u00e5 Microsoft Internet Explorer<br \/>\n<a href=\"http:\/\/windows.microsoft.com\/da-dk\/windows-vista\/delete-your-internet-cookies\" target=\"_blank\" rel=\"noopener noreferrer\">http:\/\/windows.microsoft.com\/da-dk\/windows-vista\/delete-your-internet-cookies<\/a><\/p>\n<p>Vejledning i at slette cookies p\u00e5 Mozilla Firefox browser<br \/>\n<a href=\"http:\/\/support.mozilla.com\/da\/kb\/deleting%20cookies\">http:\/\/support.mozilla.com\/da\/kb\/deleting%20cookies<\/a><\/p>\n<p>Vejledning i at slette cookies p\u00e5 Google Chrome browser<br \/>\n<a href=\"http:\/\/www.google.com\/support\/chrome\/bin\/answer.py?hl=da&amp;answer=95647\" target=\"_blank\" rel=\"noopener noreferrer\">http:\/\/www.google.com\/support\/chrome\/bin\/answer.py?hl=da&amp;answer=95647<\/a><\/p>\n<p>Vejledning i at slette cookies i Safari<br \/>\n<a href=\"http:\/\/support.apple.com\/kb\/HT1677\">http:\/\/http:\/\/docs.info.apple.com\/article.html?path=Safari\/5.0\/da\/11471.html<\/a><\/p>\n<p>Vejledning i at slette cookies p\u00e5 Safari iOS<br \/>\n<a href=\"http:\/\/support.apple.com\/kb\/HT1677\" target=\"_blank\" rel=\"noopener noreferrer\">http:\/\/support.apple.com\/kb\/HT1677<\/a><\/p>\n<p>&nbsp;<\/p>\n<\/div>\n","protected":false},"excerpt":{"rendered":"<p>Brug af cookies p\u00e5 www.dffl.dk Hvad er en cookie? En cookie er et stykke information som opbevares p\u00e5 din computer. De anvendes typisk til at sikre at den tekniske funktion af et website men kan ogs\u00e5 anvendes til at opsamle &hellip;<\/p>\n<p class=\"read-more\"> <a class=\"more-link\" href=\"https:\/\/dffl.dk\/?page_id=158\"> <span class=\"screen-reader-text\">Cookies<\/span> Read More &raquo;<\/a><\/p>\n","protected":false},"author":3,"featured_media":0,"parent":0,"menu_order":0,"comment_status":"closed","ping_status":"closed","template":"","meta":{"_stc_notifier_status":"","_stc_notifier_sent_time":"","_stc_notifier_request":false,"_stc_notifier_prevent":false,"_stc_subscriber_keywords":"","_stc_subscriber_search_areas":"","om_disable_all_campaigns":false,"_monsterinsights_skip_tracking":false,"_monsterinsights_sitenote_active":false,"_monsterinsights_sitenote_note":"","_monsterinsights_sitenote_category":0,"ngg_post_thumbnail":0,"footnotes":""},"class_list":["post-158","page","type-page","status-publish","hentry"],"aioseo_notices":[],"_links":{"self":[{"href":"https:\/\/dffl.dk\/index.php?rest_route=\/wp\/v2\/pages\/158","targetHints":{"allow":["GET"]}}],"collection":[{"href":"https:\/\/dffl.dk\/index.php?rest_route=\/wp\/v2\/pages"}],"about":[{"href":"https:\/\/dffl.dk\/index.php?rest_route=\/wp\/v2\/types\/page"}],"author":[{"embeddable":true,"href":"https:\/\/dffl.dk\/index.php?rest_route=\/wp\/v2\/users\/3"}],"replies":[{"embeddable":true,"href":"https:\/\/dffl.dk\/index.php?rest_route=%2Fwp%2Fv2%2Fcomments&post=158"}],"version-history":[{"count":3,"href":"https:\/\/dffl.dk\/index.php?rest_route=\/wp\/v2\/pages\/158\/revisions"}],"predecessor-version":[{"id":166,"href":"https:\/\/dffl.dk\/index.php?rest_route=\/wp\/v2\/pages\/158\/revisions\/166"}],"wp:attachment":[{"href":"https:\/\/dffl.dk\/index.php?rest_route=%2Fwp%2Fv2%2Fmedia&parent=158"}],"curies":[{"name":"wp","href":"https:\/\/api.w.org\/{rel}","templated":true}]}}