{"id":156,"date":"2021-01-02T18:20:31","date_gmt":"2021-01-02T18:20:31","guid":{"rendered":"http:\/\/dffl.dk\/?page_id=156"},"modified":"2026-02-09T10:16:40","modified_gmt":"2026-02-09T10:16:40","slug":"persondata-politik","status":"publish","type":"page","link":"https:\/\/dffl.dk\/?page_id=156","title":{"rendered":"Persondata politik"},"content":{"rendered":"<div class=\"thumbnail\"><strong>Persondatapolitik<\/strong><\/div>\n<div class=\"entry-content\">\n<p>Hos <strong>De<\/strong> <strong>Forenede Frie Lejere (DFFL)<\/strong> g\u00e5r vi ind for beskyttelse af vores medlemmers rettigheder, derfor hilser vi ogs\u00e5 persondataforordningen velkommen, s\u00e5ledes at du har tillid til at vi behandler dine personoplysninger p\u00e5 en gennemsigtig og fortrolig m\u00e5de. Vi vil derfor opfordre dig til at l\u00e6se om vores politik her, som vil informere dig om vores brug af dine oplysninger.<\/p>\n<p>Vi modtager b\u00e5de oplysninger om vores medlemmer og personer der er i gang med, eller endnu ikke har meldt sig ind i foreningen. Vi har derfor flere politikker. Hvis du er i tvivl om hvordan vi behandler netop dine oplysninger, kan du altid kontakte os og h\u00f8re n\u00e6rmere.<\/p>\n<p><strong>Er du en virksomhed<\/strong><\/p>\n<p>Reglerne om behandling af personoplysninger finder fuldt ud anvendelse p\u00e5 alle de personlige selskabsformer, det drejer sig om enkeltmandsvirksomheder og interessentskaber. For andre typer af selskaber der har udpeget en kontaktperson i forhold til De Forenede Frie Lejere, finder reglerne anvendelse p\u00e5 denne kontaktperson. Det er derfor vigtigt at g\u00f8re kontaktpersonen opm\u00e6rksom p\u00e5 vores politik.<\/p>\n<p><strong>Cookiepolitik<\/strong><\/p>\n<p>Vi registrerer cookies om din f\u00e6rden p\u00e5 vores hjemmeside, samt til at underst\u00f8tte indmeldelses- og betalingsfunktionen p\u00e5 siden. Du kan se mere om vores brug af cookies under vores Cookiepolitik p\u00e5 hjemmesiden, du kan benytte f\u00f8lgende link:<\/p>\n<ol>\n<li><strong>Dataansvarlig<\/strong><\/li>\n<\/ol>\n<p>Den juridiske enhed som behandler dine personoplysninger er:<\/p>\n<p>De Forenede Frie Lejere (DFFL)<br \/>\nDe frivilliges hus-stationen<\/p>\n<p>Lille sct. hans gade 7<\/p>\n<p>8800 Viborg<\/p>\n<p><u>Mail:<\/u> info@dffl.dk<\/p>\n<p>Tlf.: 28 930 720<\/p>\n<p>CVR-nummer:&nbsp; 42088374<\/p>\n<ol start=\"2\">\n<li><strong>Hvad er en personoplysning<\/strong><\/li>\n<\/ol>\n<p>En personoplysning er enhver oplysning der kan henf\u00f8res til en identificerbar fysisk person, ved identificerbar omfattes bl.a. journalnummer, adresse registre o. lign.&nbsp; Der er forskellige typer af personoplysninger, vi behandler almindelige personoplysninger, dog kan det konkret v\u00e6re n\u00f8dvendigt at behandle f\u00f8lsomme personoplysninger om dig, fx helbreds oplysninger i skimmelsvampsager.<\/p>\n<p><strong>Kategorier af personoplysninger<\/strong><\/p>\n<p>De Forenede Frie Lejere indsamler og behandler kun oplysninger der er n\u00f8dvendige og tilstr\u00e6kkelige for dit medlemskab her hos os eller i forbindelse med sager. F\u00f8lgende er en beskrivelse af de typer af oplysninger som vi indsamler og behandler.<\/p>\n<p><strong>Almindelige personoplysninger:<\/strong><\/p>\n<p>Navn, adresse, mail, telefonnummer, betalingsoplysninger, dit medlemsnummer, fuldmagtsforhold,&nbsp; samt navnet p\u00e5 din samlever, \u00e6gtef\u00e6lle roommate, hvis du har meddelt at dit medlemskab skal d\u00e6kke andre i din husstand. Denne kategori af oplysninger behandler vi i forbindelse med administrationen af dit medlemskab.<\/p>\n<p>Derudover kan vi behandle f\u00f8lgende oplysninger i forbindelse med juridisk r\u00e5dgivning, samt partsrepr\u00e6sentation, det drejer sig om f\u00f8lgende typer af oplysninger:<\/p>\n<ul>\n<li>Journalnummer<\/li>\n<li>Oplysninger om din adf\u00e6rd p\u00e5 vores hjemmeside<\/li>\n<li>Alle dine konkrete henvendelser vedr\u00f8rende en juridisk problemstilling indenfor vores interessefelt, indsamles og behandles i overensstemmelse med n\u00e6rv\u00e6rende regler. Arten af personoplysninger afh\u00e6nger af din henvendelse, men vil ofte relatere sig til en af nedenst\u00e5ende felter:<\/li>\n<\/ul>\n<p>o&nbsp;&nbsp; Forbrugsregnskaber (varme-, vand-, el-, og gasregnskaber)<\/p>\n<p>o&nbsp;&nbsp; Internet- og TV-tjenester<\/p>\n<p>o&nbsp;&nbsp; Oplysninger om \u00f8konomiske forhold fx huslejerestance<\/p>\n<p>o&nbsp;&nbsp; Oplysninger om boligforhold, fx vedligeholdelsesstand af din bolig<\/p>\n<p>o&nbsp;&nbsp; Oplysninger om Fx fraflytning i utide fx fremleje, f\u00e6ngsling eller l\u00e6ngerevarende sygdom<\/p>\n<p>o&nbsp;&nbsp; Sundhedsrisici ved din bolig, fx ved en l\u00e6geerkl\u00e6ring<\/p>\n<p>o&nbsp;&nbsp; Om du er aktiv i en lejersammenslutning<\/p>\n<p>Oplysninger om fx helbreds oplysninger og strafbare forhold er f\u00f8lsomme personoplysninger, vi vil derfor opfordre dig til, kun at afgive denne type af information efter aftale med din medlemsr\u00e5dgiver.<\/p>\n<ol start=\"4\">\n<li><strong>Indsamling af personoplysninger<\/strong><\/li>\n<\/ol>\n<p>Langt den st\u00f8rste del af de personoplysninger vi behandler er indsamlet hos dig selv. Det sker i forbindelse med registrering af dit medlemskab, eller i forbindelse med den konkrete juridiske r\u00e5dgivning.<\/p>\n<ol start=\"5\">\n<li><strong>Personoplysninger som modtages fra andre kilder<\/strong><\/li>\n<\/ol>\n<p>I forbindelse med konkrete sager mod din udlejer eller boligorganisation kan vi opleve at modtage personoplysninger om dig. Det drejer sig om f\u00f8lgende kilder:<\/p>\n<ul>\n<li>Udlejere og ejendommens administratorer<\/li>\n<li>Din boligorganisation<\/li>\n<li>Huslejen\u00e6vnet eller beboerklagen\u00e6vnet.<\/li>\n<li>Beboerrepr\u00e6sentationen i din ejendom<\/li>\n<\/ul>\n<ol start=\"6\">\n<li><strong>Personoplysninger om andre parter som du afgiver<\/strong><\/li>\n<\/ol>\n<p>Vi kan i visse tilf\u00e6lde bede dig om at afgive personoplysninger om andre personer som er omfattet af din husstand. Fx ved en konkret sag om forts\u00e6ttelse af lejem\u00e5l efter dine for\u00e6ldre. Det kan ogs\u00e5 v\u00e6re hvis du kontakter os p\u00e5 vegne af andre personer. N\u00e5r du afgiver personoplysninger om andre, skal du henvise dem til vores politik, s\u00e5ledes at de er indforst\u00e5et med at du afgiver personoplysninger om dem.<\/p>\n<ol start=\"7\">\n<li><strong>Form\u00e5let med indsamlingen af dine oplysninger og behandlingsgrundlag<\/strong><\/li>\n<\/ol>\n<p>Form\u00e5let med vores indsamling og behandling af dine personoplysninger kan skyldes flere form\u00e5l:<\/p>\n<p><u>Potentielle medlemmer og eksisterende medlemmer<\/u><\/p>\n<p>Hvis du \u00f8nsker at blive medlem hos De Forenede Frie Lejere eller allerede er medlem, behandler vi de n\u00f8dvendige personoplysninger om dig, form\u00e5let er at:<\/p>\n<ul>\n<li>Indg\u00e5 en aftale om medlemskab af foreningen<\/li>\n<li>Indg\u00e5 en aftale om levering af juridiske tjenesteydelser<\/li>\n<li>Identificere dig n\u00e5r du henvender dig til os.<\/li>\n<li>Administrere dit medlemskab: \u00e6ndring og opdatering af medlemskab, levering af medlemsinformationer<\/li>\n<li>Sikre at du kan modtage din valgte ydelse, fx. juridisk r\u00e5dgivning eller partsrepr\u00e6sentation<\/li>\n<li>Forenede Frie Lejere modtager betaling for dit medlemskab<\/li>\n<li>Opfylde \u00f8vrige pligter eller aftaler, der p\u00e5hviler os i henhold til dit medlemskab.<\/li>\n<\/ul>\n<p>Dine oplysninger tilknyttet dit medlemskab behandles med hjemmel i persondataforordningen art. 6, stk. 1, litra b. Der gives adgang til behandling af personoplysninger til opfyldelse af en aftale som du er part i, eller handlinger p\u00e5 baggrund af din anmodning om medlemskab forud for indmeldelse i foreningen.<\/p>\n<p><u>Medlemsunders\u00f8gelser og statistik<\/u><\/p>\n<p>Vi kan bruge dine personoplysninger til at foretage statistiske unders\u00f8gelser af bl.a. dit valg af medlemskab, hvor l\u00e6nge du er med i foreningen, og lignende. Form\u00e5let er at kunne forbedre vores service og r\u00e5dgivning.<\/p>\n<p>Dine oplysninger behandles efter persondataforordningens art. 6, stk. 1, litra a, litra b og litra f. Vores legitime interesser er:<\/p>\n<ul>\n<li>at kunne udvikle vores medlemskab<\/li>\n<li>at kunne markedsf\u00f8re vores medlemskaber<\/li>\n<li>uddanne medarbejdere<\/li>\n<\/ul>\n<p>Derudover kan vi bede dig om samtykke til at foretage medlemsunders\u00f8gelser, fx interviews, eller sp\u00f8rgeskema s\u00e5fremt vi anmoder dig om at medvirke i en unders\u00f8gelse, vil du konkret blive bedt om samtykke. Du kan altid afsl\u00e5 at deltage, og det har ingen negative konsekvenser for dit medlemskab, vi registrere ikke om du deltager eller ej.<\/p>\n<p>Dine oplysninger behandles efter persondataforordningens art. 6, stk. 1, litra a<\/p>\n<p><u>Juridisk r\u00e5dgivning og partsrepr\u00e6sentation<\/u><\/p>\n<p>I forbindelse med konkret juridisk r\u00e5dgivning eller hvis du \u00f8nsker at vi indtr\u00e6der som partsrepr\u00e6sentant for dig, behandler vi dine personoplysninger. N\u00e5r du henvender dig med en problemstilling kan vi oprette en sag p\u00e5 baggrund af din henvendelse, her gemmes dokumenter, der er relevante for sagen, det kan fx v\u00e6re en varsling om lejestigning.<\/p>\n<p>Form\u00e5let med at indhente disse oplysninger er at kunne foretage en korrekt vurdering og behandling af din sag.<\/p>\n<p>Hvis du er enkeltmedlem vil dine oplysninger behandles efter persondataforordningens art. 6, stk. 1, litra a, litra b og litra f. Hvis du er medlem via ejendommens beboerrepr\u00e6sentation behandler vi dine oplysninger efter persondataforordningens art. 6, stk. 1, litra b og f. Vores legitime interesser er at kunne dokumentere i henhold til vores r\u00e5dgiveransvar.<\/p>\n<ol start=\"8\">\n<li><strong>Videregivelse af dine personoplysninger<\/strong><\/li>\n<\/ol>\n<p>Efter aftale med dig kan vi videregive dine personoplysninger til f\u00f8lgende kategorier af modtagere:<\/p>\n<ol>\n<li>Intern videregivelse i Forenede Frie Lejere som organisation<\/li>\n<\/ol>\n<p>iii.&nbsp;&nbsp;&nbsp;&nbsp;&nbsp; Til politisk virksomhed modtager de cases og afg\u00f8relser p\u00e5 sager der har politisk interesse.<\/p>\n<ol>\n<li>Udlejer eller ejendommens administratorer<\/li>\n<li>Din boligorganisation<\/li>\n<li>Huslejen\u00e6vnet eller beboerklagen\u00e6vnet<\/li>\n<li>Beboerrepr\u00e6sentationen i din ejendom<\/li>\n<li>Tilsynet med almene boliger<\/li>\n<li>Boligkommissionen ved din kommune<\/li>\n<li>Advokater<\/li>\n<li>Domstolene<\/li>\n<li>LR-Online: medlemskartotek til medlemsadministration og distribution af lejeretlig information<\/li>\n<\/ol>\n<p>Efter anmodning fra dig, kan vi videregive dine personoplysninger til andre enheder, fx hvis du \u00f8nsker at benytte dig af en anden lejerforening, dog forudsat det er teknisk muligt.<\/p>\n<ol start=\"9\">\n<li><strong>Overf\u00f8rsel af personoplysninger udenfor Danmark.<\/strong><\/li>\n<\/ol>\n<p>De Forenede Frie Lejere har en facebookside, med mulighed for at kontakte os derigennem. Dette er kun muligt for brugere af Facebook.<\/p>\n<p>Der foretages IKKE sagsbehandling via sociale medier som Facebook. Siden bliver brugt til pressemeddelelser, boligpolitiske udmeldinger, markedsf\u00f8ring, fremsendelse af meddelelse til de facebookbrugere, der f\u00f8lger vores side etc. Henvendelser sendt direkte til De Forenede Frie Lejeres Facebook slettes automatisk efter 1 \u00e5r, da disse henvendelser ikke l\u00e6ngere er relevante efter 1 \u00e5r.<\/p>\n<p><strong>&nbsp;<\/strong> <strong>Opbevaring af dine personoplysninger<\/strong><\/p>\n<p>Vi opbevarer kun dine personoplysninger, s\u00e5 l\u00e6nge det er n\u00f8dvendigt for at opfylde de form\u00e5l vi har beskrevet ovenfor. N\u00e5r opbevaringen ikke l\u00e6ngere er n\u00f8dvendig vil dine oplysninger blive slettet eller anonymiseret s\u00e5ledes at vi kan opbevare dem sikkert.<\/p>\n<p>Som hovedregel opbevarer vi dine oplysninger i op til 3 \u00e5r, hvis du har v\u00e6ret i dialog med os om r\u00e5dgivning, medlemskab, hjemmeside. Nogen personoplysninger opbevares i kortere eller l\u00e6ngere tid.<\/p>\n<p><u>Ikke-medlemmer:<\/u><\/p>\n<p>Dine oplysninger gemmes i op til 1 \u00e5r, hvorefter de slettes som led i vores almindelige slettepolitik. Dette g\u00e6lder hvis du har kontaktet os med henblik p\u00e5 et medlemskab, men har valgt ikke at melde dig ind i foreningen. Eller hvis du har udfyldt en kontaktformular til De Forenede Frie Lejere.<\/p>\n<p><u>Udmeldelse:<\/u><\/p>\n<p>N\u00e5r du melder dig ud af De Forenede Frie Lejere vil dine oplysninger blive slettet, medmindre de skal gemmes i henhold til en af de \u00f8vrige form\u00e5l.<\/p>\n<p><u>Bogf\u00f8rings oplysninger<\/u><\/p>\n<p>Vi behandler fakturaer, tilgodehavende, korrespondance, betalingsoplysninger, oplysninger om udbetalinger og lignede oplysninger som er n\u00f8dvendige for at dokumentere vores bogf\u00f8ring i op til 5 \u00e5r fra udl\u00f8b af regnskabs\u00e5ret. Dette g\u00f8res i henhold til reglerne i \u00e5rsregnskabsloven.<\/p>\n<p><u>Juridisk r\u00e5dgivning<\/u><\/p>\n<p>Vi opbevarer oplysninger i forbindelse med konkret juridisk vejledning og r\u00e5dgivning, fx en varmeregnskabssag i op til 10 \u00e5r. Dette g\u00f8res af hensynet til dig som vores medlem, da dine sager kan have indflydelse p\u00e5 hinanden i mange \u00e5r, fx en gammel sag om lejens st\u00f8rrelse. derudover opbevarer vi dine oplysninger i forhold til vores forpligtelser i henhold til vores r\u00e5dgiveransvar overfor dig.<\/p>\n<p><u>Cookie oplysninger<\/u><\/p>\n<p>Oplysninger om din adf\u00e6rd p\u00e5 vores hjemmeside, dvs. cookies eller IP-adresser, opbevarer vi i op til 1 \u00e5r efter registrering<\/p>\n<ol start=\"11\">\n<li><strong>Pligtm\u00e6ssig information<\/strong><\/li>\n<\/ol>\n<p>N\u00e5r du er medlem hos os indsamler vi en r\u00e6kke oplysninger om dig som angivet i ovenst\u00e5ende. Da der er tale om oplysninger, der er n\u00f8dvendige for foreningens virke og levering af service, kan vi ikke etablere et medlemsforhold til dig, hvis du ikke giver os dine oplysninger.<strong>&nbsp;<\/strong><\/p>\n<ol start=\"12\">\n<li><strong>Dine rettigheder<\/strong><\/li>\n<\/ol>\n<p>Du har f\u00f8lgende rettigheder ved vores behandling af dine personoplysninger:<\/p>\n<ul>\n<li>Ret til at anmode om indsigt, berigtigelse eller sletning af dine personoplysninger<\/li>\n<li>Ret til at mods\u00e6tte dig behandlingen af dine personoplysninger og f\u00e5 begr\u00e6nset behandlingen.<\/li>\n<li>Hvis vores behandling er baseret p\u00e5 dit samtykke, kan du til enhver tid tilbagekalde dit samtykke. En eventuel tilbagekaldelse vil ikke have betydning for lovligheden af behandlinger fortaget inden tilbagekaldelsen.<\/li>\n<li>Du har ret til at modtage dine personoplysninger, i et struktureret, og almindeligt anvendt og maskinl\u00e6sbart format<\/li>\n<\/ul>\n<p>N\u00e5 vi modtager din henvendelse vil vi tage stilling til, om der konkret er grunde til at din anmodning ikke kan efterkommes p\u00e5 grund af karakteren af behandlingen. Du vil modtage svar p\u00e5 din anmodning senest 1 m\u00e5ned efter henvendelse.<\/p>\n<p>Du kan kontakte os p\u00e5 info@dffl.dk eller p\u00e5 telefon 28 930 720<\/p>\n<ol start=\"13\">\n<li><strong>\u00e6ndring af vores persondatapolitik<\/strong><\/li>\n<\/ol>\n<p>Denne persondatapolitik erstatter vores tidligere versioner. Politikken vil l\u00f8bende opdateres for at sikre den er i overensstemmelse med reglerne p\u00e5 omr\u00e5det. S\u00e5fremt der er v\u00e6sentlige \u00e6ndringer giver vi besked via www.dffl.dk eller mail hvis det er n\u00f8dvendigt.<\/p>\n<ol start=\"14\">\n<li><strong>Klage over behandling<\/strong><\/li>\n<\/ol>\n<p>Du kan klage over vores behandling af personoplysninger til Datatilsynet, Borgergade 28, 5., 1300 KBH K, tlf. 3319 3200, e-mail: dt@datatilsynet.dk<\/p>\n<\/div>\n","protected":false},"excerpt":{"rendered":"<p>Persondatapolitik Hos De Forenede Frie Lejere (DFFL) g\u00e5r vi ind for beskyttelse af vores medlemmers rettigheder, derfor hilser vi ogs\u00e5 persondataforordningen velkommen, s\u00e5ledes at du har tillid til at vi behandler dine personoplysninger p\u00e5 en gennemsigtig og fortrolig m\u00e5de. Vi &hellip;<\/p>\n<p class=\"read-more\"> <a class=\"more-link\" href=\"https:\/\/dffl.dk\/?page_id=156\"> <span class=\"screen-reader-text\">Persondata politik<\/span> Read More &raquo;<\/a><\/p>\n","protected":false},"author":3,"featured_media":0,"parent":0,"menu_order":0,"comment_status":"closed","ping_status":"closed","template":"","meta":{"_stc_notifier_status":"","_stc_notifier_sent_time":"","_stc_notifier_request":false,"_stc_notifier_prevent":false,"_stc_subscriber_keywords":"","_stc_subscriber_search_areas":"","om_disable_all_campaigns":false,"_monsterinsights_skip_tracking":false,"_monsterinsights_sitenote_active":false,"_monsterinsights_sitenote_note":"","_monsterinsights_sitenote_category":0,"ngg_post_thumbnail":0,"footnotes":""},"class_list":["post-156","page","type-page","status-publish","hentry"],"aioseo_notices":[],"_links":{"self":[{"href":"https:\/\/dffl.dk\/index.php?rest_route=\/wp\/v2\/pages\/156","targetHints":{"allow":["GET"]}}],"collection":[{"href":"https:\/\/dffl.dk\/index.php?rest_route=\/wp\/v2\/pages"}],"about":[{"href":"https:\/\/dffl.dk\/index.php?rest_route=\/wp\/v2\/types\/page"}],"author":[{"embeddable":true,"href":"https:\/\/dffl.dk\/index.php?rest_route=\/wp\/v2\/users\/3"}],"replies":[{"embeddable":true,"href":"https:\/\/dffl.dk\/index.php?rest_route=%2Fwp%2Fv2%2Fcomments&post=156"}],"version-history":[{"count":7,"href":"https:\/\/dffl.dk\/index.php?rest_route=\/wp\/v2\/pages\/156\/revisions"}],"predecessor-version":[{"id":1004,"href":"https:\/\/dffl.dk\/index.php?rest_route=\/wp\/v2\/pages\/156\/revisions\/1004"}],"wp:attachment":[{"href":"https:\/\/dffl.dk\/index.php?rest_route=%2Fwp%2Fv2%2Fmedia&parent=156"}],"curies":[{"name":"wp","href":"https:\/\/api.w.org\/{rel}","templated":true}]}}