{"id":145,"date":"2021-01-02T16:06:32","date_gmt":"2021-01-02T16:06:32","guid":{"rendered":"http:\/\/dffl.dk\/?page_id=145"},"modified":"2025-01-13T11:14:01","modified_gmt":"2025-01-13T11:14:01","slug":"ind-og-fraflytning","status":"publish","type":"page","link":"https:\/\/dffl.dk\/?page_id=145","title":{"rendered":"Ind- og fraflytning"},"content":{"rendered":"<h1 class=\"thumbnail\">N\u00e5r du flytter ind eller fraflytter<\/h1>\n<div class=\"entry-content\">\n<h3><img loading=\"lazy\" decoding=\"async\" class=\"alignnone wp-image-651\" src=\"https:\/\/dffl.dk\/wp-content\/uploads\/2022\/06\/Ind-og-fraflytning-253x300.png\" alt=\"\" width=\"198\" height=\"235\" srcset=\"https:\/\/dffl.dk\/wp-content\/uploads\/2022\/06\/Ind-og-fraflytning-253x300.png 253w, https:\/\/dffl.dk\/wp-content\/uploads\/2022\/06\/Ind-og-fraflytning-100x119.png 100w, https:\/\/dffl.dk\/wp-content\/uploads\/2022\/06\/Ind-og-fraflytning-150x178.png 150w, https:\/\/dffl.dk\/wp-content\/uploads\/2022\/06\/Ind-og-fraflytning-200x238.png 200w, https:\/\/dffl.dk\/wp-content\/uploads\/2022\/06\/Ind-og-fraflytning-300x356.png 300w, https:\/\/dffl.dk\/wp-content\/uploads\/2022\/06\/Ind-og-fraflytning-450x534.png 450w, https:\/\/dffl.dk\/wp-content\/uploads\/2022\/06\/Ind-og-fraflytning-600x713.png 600w, https:\/\/dffl.dk\/wp-content\/uploads\/2022\/06\/Ind-og-fraflytning.png 640w\" sizes=\"auto, (max-width: 198px) 100vw, 198px\" \/><\/h3>\n<h3>Udover dit normale kontingent har du mulighed for at f\u00e5 ekstra hj\u00e6lp i f\u00f8lgende situationer:<\/h3>\n<h3><strong>Indflytningssyn (senest en uge efter du har f\u00e5et overdraget n\u00f8glerne)<\/strong><\/h3>\n<ul>\n<li>Vi gennemg\u00e5r lejem\u00e5let sammen med dig for fejl og mangler (tager billeder) og udarbejder en fejl- og mangelliste<\/li>\n<li>Vi adviserer din udlejer om, hvad der evt. skal udbedres, samt hvad du ikke h\u00e6fter for ved fraflytning<\/li>\n<li>Vi gemmer efter aftale billeder og mangelliste samt indg\u00e5et lejekontrakt i vores arkivmappe som dokumentation<\/li>\n<\/ul>\n<h3><strong>Flyttesyn f\u00f8r fraflytning<\/strong><\/h3>\n<ul>\n<li>Vi gennemg\u00e5r lejem\u00e5let sammen med dig for fejl- og mangler (tager billeder) og udarbejder en synsrapport<\/li>\n<li>Vi vurderer, hvor meget du skal s\u00e6tte i stand inden fraflytning, og hvordan arbejdet skal udf\u00f8res<\/li>\n<li>Vi gemmer efter aftale billeder og synsrapporten i vores arkivmappe som dokumentation<\/li>\n<\/ul>\n<h3>Flyttesyn med udlejer<\/h3>\n<ul>\n<li>Vi deltager ved det officielle flyttesyn med udlejer<\/li>\n<li>Vores r\u00e5dgiver er din bisidder, der s\u00f8rger for, at synet forl\u00f8ber og gennemf\u00f8res efter bogen<\/li>\n<li>Vores r\u00e5dgiver s\u00f8rger for efter aftale, at alle aftaler foreligger skriftligt med kopi til dig og vores arkivmappe<\/li>\n<\/ul>\n<p><em><strong><br \/>\nOvenst\u00e5ende er ekstra till\u00e6gsydelser udover dit kontingent og skal aftales fra gang til gang.&nbsp; Det koster 500,- pr. syn plus k\u00f8rsel efter statens g\u00e6ldende regler (i 2025: 3,81 kr. pr. km.).<\/strong><\/em><\/p>\n<h3>&nbsp;<\/h3>\n<\/div>\n","protected":false},"excerpt":{"rendered":"<p>N\u00e5r du flytter ind eller fraflytter Udover dit normale kontingent har du mulighed for at f\u00e5 ekstra hj\u00e6lp i f\u00f8lgende situationer: Indflytningssyn (senest en uge efter du har f\u00e5et overdraget n\u00f8glerne) Vi gennemg\u00e5r lejem\u00e5let sammen med dig for fejl og &hellip;<\/p>\n<p class=\"read-more\"> <a class=\"more-link\" href=\"https:\/\/dffl.dk\/?page_id=145\"> <span class=\"screen-reader-text\">Ind- og fraflytning<\/span> Read More &raquo;<\/a><\/p>\n","protected":false},"author":3,"featured_media":0,"parent":0,"menu_order":0,"comment_status":"closed","ping_status":"closed","template":"","meta":{"_stc_notifier_status":"","_stc_notifier_sent_time":"","_stc_notifier_request":false,"_stc_notifier_prevent":false,"_stc_subscriber_keywords":"","_stc_subscriber_search_areas":"","om_disable_all_campaigns":false,"_monsterinsights_skip_tracking":false,"_monsterinsights_sitenote_active":false,"_monsterinsights_sitenote_note":"","_monsterinsights_sitenote_category":0,"ngg_post_thumbnail":0,"footnotes":""},"class_list":["post-145","page","type-page","status-publish","hentry"],"aioseo_notices":[],"_links":{"self":[{"href":"https:\/\/dffl.dk\/index.php?rest_route=\/wp\/v2\/pages\/145","targetHints":{"allow":["GET"]}}],"collection":[{"href":"https:\/\/dffl.dk\/index.php?rest_route=\/wp\/v2\/pages"}],"about":[{"href":"https:\/\/dffl.dk\/index.php?rest_route=\/wp\/v2\/types\/page"}],"author":[{"embeddable":true,"href":"https:\/\/dffl.dk\/index.php?rest_route=\/wp\/v2\/users\/3"}],"replies":[{"embeddable":true,"href":"https:\/\/dffl.dk\/index.php?rest_route=%2Fwp%2Fv2%2Fcomments&post=145"}],"version-history":[{"count":22,"href":"https:\/\/dffl.dk\/index.php?rest_route=\/wp\/v2\/pages\/145\/revisions"}],"predecessor-version":[{"id":940,"href":"https:\/\/dffl.dk\/index.php?rest_route=\/wp\/v2\/pages\/145\/revisions\/940"}],"wp:attachment":[{"href":"https:\/\/dffl.dk\/index.php?rest_route=%2Fwp%2Fv2%2Fmedia&parent=145"}],"curies":[{"name":"wp","href":"https:\/\/api.w.org\/{rel}","templated":true}]}}