{"id":100,"date":"2021-01-02T12:46:20","date_gmt":"2021-01-02T12:46:20","guid":{"rendered":"http:\/\/dffl.dk\/?page_id=100"},"modified":"2022-08-19T10:43:34","modified_gmt":"2022-08-19T10:43:34","slug":"leje-og-boliglove","status":"publish","type":"page","link":"https:\/\/dffl.dk\/?page_id=100","title":{"rendered":"Leje- og boliglove"},"content":{"rendered":"<p><img loading=\"lazy\" decoding=\"async\" class=\" wp-image-101 alignleft\" src=\"http:\/\/dffl.dk\/wp-content\/uploads\/2021\/01\/Lejeloven.jpg\" alt=\"\" width=\"182\" height=\"113\" srcset=\"https:\/\/dffl.dk\/wp-content\/uploads\/2021\/01\/Lejeloven.jpg 285w, https:\/\/dffl.dk\/wp-content\/uploads\/2021\/01\/Lejeloven-100x62.jpg 100w, https:\/\/dffl.dk\/wp-content\/uploads\/2021\/01\/Lejeloven-150x93.jpg 150w, https:\/\/dffl.dk\/wp-content\/uploads\/2021\/01\/Lejeloven-200x124.jpg 200w\" sizes=\"auto, (max-width: 182px) 100vw, 182px\" \/><\/p>\n<p><strong><a href=\"https:\/\/www.retsinformation.dk\/eli\/lta\/2022\/341\" target=\"_blank\" rel=\"noopener\">Lejeloven<\/a> af 1.7.2022<\/strong> er en dansk lov (Lov om leje), der g\u00e6lder for leje, herunder fremleje af hus eller rum, uanset om lejeren er en person eller en virksomhed m.v. (juridisk person).<\/p>\n<p><a href=\"https:\/\/dffl.dk\/wp-content\/uploads\/2022\/07\/Ny_Lov_om_Boligforhold.pdf\" target=\"_blank\" rel=\"noopener\"><strong>Lov om boligforhold<\/strong><\/a> g\u00e6lder i regulerede kommuner i lov om leje<\/p>\n<p><a href=\"https:\/\/www.retsinformation.dk\/eli\/lta\/2019\/927\" target=\"_blank\" rel=\"noopener noreferrer\"><strong>Lejeloven<\/strong><\/a> a<strong>f 1.7.2015<\/strong> &#8211; (er udg\u00e5et) formelt Lov om leje, er en dansk lov, der g\u00e6lder for leje af beboelseslejem\u00e5l i private udlejningsejendomme samt parcelhuse og ejerlejligheder, s\u00e5kaldt blandede lejem\u00e5l og klubv\u00e6relser. Loven regulerer s\u00e5ledes ikke almene boliger, erhvervslejem\u00e5l og sommerhuse.&nbsp;<\/p>\n<p><a href=\"https:\/\/www.retsinformation.dk\/eli\/lta\/2019\/929\" target=\"_blank\" rel=\"noopener noreferrer\"><strong>Boligreguleringsloven<\/strong><\/a>&nbsp; &#8211; (er udg\u00e5et) loven er nu indeholdt i den nye <strong>lejelov af 1-7-2022.<\/strong> Loven tildelte lejere flere rettigheder, end de ellers har efter lejeloven. Loven regulerer blandt andet, hvilket niveau huslejen m\u00e5 fasts\u00e6ttes til at v\u00e6re p\u00e5. Derudover har loven betydning for, hvilke regler der g\u00e6lder for vedligeholdelsen og forbedringen af boligen.<\/p>\n<p><a href=\"https:\/\/www.retsinformation.dk\/eli\/lta\/2019\/928\" target=\"_blank\" rel=\"noopener noreferrer\"><strong>Almenlejelov<\/strong><\/a>: Almene boliger er for alle, og de fleste udlejes igennem ventelister ved boligselskaber. Der kan dog forekomme boliger, der er forbeholdt grupper med s\u00e6rlige behov. Boligerne m\u00e5 kun have en bestemt st\u00f8rrelse, for at kunne blive klassificeret som almene boliger. Det specielle ved almene boliger er, at der ikke er nogen, som skal tjene p\u00e5 at udleje dem. Huslejen er derfor, hvad der kaldes omkostningsbestemt. Det betyder, at huslejen d\u00e6kker over udgifterne forbundet med at bo i boligen og boligafdelingen.<\/p>\n<p><a href=\"https:\/\/www.retsinformation.dk\/eli\/lta\/2018\/1218\" target=\"_blank\" rel=\"noopener noreferrer\"><strong>Erhvervslejelov<\/strong><\/a>: Et erhvervslejem\u00e5l er et lejem\u00e5l, der er omfattet af erhvervslejeloven. Erhvervslejeloven g\u00e6lder for leje og fremleje af lokaler, der udelukkende er udlejet til andet end beboelse.<\/p>\n<p><a href=\"https:\/\/www.retsinformation.dk\/eli\/lta\/2010\/1713\" target=\"_blank\" rel=\"noopener noreferrer\"><strong>Ejerlejlighedsloven<\/strong><\/a> indeholder bestemmelser om, hvilke ejendomme der kan opdeles i ejerlejligheder, og om de grundl\u00e6ggende regler for ejerforeningen. Loven bestemmer blandt andet, at alle ejendomme, der er p\u00e5begyndt opf\u00f8rt efter 1. juli 1966, kan opdeles i ejerlejligheder. For bygninger, der er p\u00e5begyndt opf\u00f8rt inden dette tidspunkt, er der en r\u00e6kke begr\u00e6nsninger i opdelingsmulighederne. Ejerlejlighedsloven siger ogs\u00e5, at hver ejerlejlighed anses som en selvst\u00e6ndig fast ejendom, og at \u00e9n ejerlejlighed kan best\u00e5 af flere selvst\u00e6ndige lejligheder.<\/p>\n<p><a href=\"https:\/\/www.retsinformation.dk\/eli\/lta\/2018\/1231\" target=\"_blank\" rel=\"noopener noreferrer\"><strong>Andelsboligforeningslov<\/strong><\/a>:&nbsp; En andelsboligforening eller andelsboligselskab er en forening eller et selskab, der har til form\u00e5l at erhverve, eje og drive en ejendom til beboelse for andelsboligforeningens medlemmer.<\/p>\n<p><strong><span style=\"color: #0000ff;\">Tvungenadministrationslov<\/span>:<\/strong>&nbsp;Loven g\u00e6lder for ejendomme, hvor mindst 2 lejligheder er udlejet helt eller delvis til beboelse. Flere ejerlejligheder, der henh\u00f8rer under samme ejerforening, og som ejes af samme udlejer, anses i denne lov som en ejendom. Er flere ejendomme, der ejes af samme ejer, opf\u00f8rt kontinuerligt som en samlet bebyggelse, og har disse ejendomme f\u00e6lles friarealer eller nogen form for driftsf\u00e6llesskab, anses disse ligeledes i denne lov som en ejendom. Det samme g\u00e6lder, hvor flere ejendomme er samvurderet eller samnoteret i tingbogen.<\/p>\n<p><strong><a href=\"https:\/\/www.lejeloven.dk\/fortolkning\" target=\"_blank\" rel=\"noopener\"><span style=\"color: #0000ff;\">Fortolkning af lejeloven:<\/span><\/a><\/strong><span style=\"color: #0000ff;\">&nbsp;<\/span>Lejeloven kan v\u00e6re sv\u00e6r at forst\u00e5 og navigere i. Derfor har vi oversat de tunge juridiske formuleringer i nogle af de mest centrale love og paragraffer, s\u00e5 de er forst\u00e5elige. Nogle af bestemmelserne er dog udeladt og kan findes i den oprindelige lovtekst. <strong>Vigtigt:<\/strong>&nbsp;Denne fortolkning\/overs\u00e6ttelse af lejeloven skal udelukkende ses som en vejledning og hj\u00e6lp til bedre forst\u00e5else af den underliggende lovtekst. Lejeloven.dk kan ikke holdes ansvarlig for brug af sitet og artiklerne her p\u00e5.<\/p>\n<div id=\"\u00a71-stk1\" class=\"stukke_class \">\n<h2><strong>Herunder andre informative links:<\/strong><\/h2>\n<p><a href=\"https:\/\/boligejer.dk\/\" target=\"_blank\" rel=\"noopener noreferrer\">BBR&nbsp; Boligejer &#8211; oplysninger og eventuel energim\u00e6rkning<\/a><\/p>\n<\/div>\n<p><a href=\"https:\/\/gi.dk\/?utm_source=Hero&amp;utm_content=4\" target=\"_blank\" rel=\"noopener noreferrer\">GI Grundejernes Investeringsfond Se oplysninger om konti for vedligeholdelse i st\u00f8rre private udlejningsejendomme<\/a><\/p>\n<p><a href=\"https:\/\/lbf.dk\/selvbetjeninger\/regnskabsdatabasen\/\" target=\"_blank\" rel=\"noopener noreferrer\">Landsbyggefonden &#8211; Se regnskaber for almene afdelinger<\/a><\/p>\n<p><a href=\"https:\/\/www.dst.dk\/da\/Statistik\/emner\/priser-og-forbrug\/forbrugerpriser\/nettoprisindeks\" target=\"_blank\" rel=\"noopener noreferrer\">Nettoprisindeks opg\u00f8res p\u00e5 grundlag af de faktiske forbrugerpriser og danner grundlag for \u00e5rlig lejerregulering iht. \u00a711 i lejekontrakten, hvis dette princip er valgt<\/a><\/p>\n","protected":false},"excerpt":{"rendered":"<p>Lejeloven af 1.7.2022 er en dansk lov (Lov om leje), der g\u00e6lder for leje, herunder fremleje af hus eller rum, uanset om lejeren er en person eller en virksomhed m.v. (juridisk person). Lov om boligforhold g\u00e6lder i regulerede kommuner i &hellip;<\/p>\n<p class=\"read-more\"> <a class=\"more-link\" href=\"https:\/\/dffl.dk\/?page_id=100\"> <span class=\"screen-reader-text\">Leje- og boliglove<\/span> Read More &raquo;<\/a><\/p>\n","protected":false},"author":3,"featured_media":0,"parent":0,"menu_order":0,"comment_status":"closed","ping_status":"closed","template":"","meta":{"_stc_notifier_status":"","_stc_notifier_sent_time":"","_stc_notifier_request":false,"_stc_notifier_prevent":false,"_stc_subscriber_keywords":"","_stc_subscriber_search_areas":"","om_disable_all_campaigns":false,"_monsterinsights_skip_tracking":false,"_monsterinsights_sitenote_active":false,"_monsterinsights_sitenote_note":"","_monsterinsights_sitenote_category":0,"ngg_post_thumbnail":0,"footnotes":""},"class_list":["post-100","page","type-page","status-publish","hentry"],"aioseo_notices":[],"_links":{"self":[{"href":"https:\/\/dffl.dk\/index.php?rest_route=\/wp\/v2\/pages\/100","targetHints":{"allow":["GET"]}}],"collection":[{"href":"https:\/\/dffl.dk\/index.php?rest_route=\/wp\/v2\/pages"}],"about":[{"href":"https:\/\/dffl.dk\/index.php?rest_route=\/wp\/v2\/types\/page"}],"author":[{"embeddable":true,"href":"https:\/\/dffl.dk\/index.php?rest_route=\/wp\/v2\/users\/3"}],"replies":[{"embeddable":true,"href":"https:\/\/dffl.dk\/index.php?rest_route=%2Fwp%2Fv2%2Fcomments&post=100"}],"version-history":[{"count":14,"href":"https:\/\/dffl.dk\/index.php?rest_route=\/wp\/v2\/pages\/100\/revisions"}],"predecessor-version":[{"id":105,"href":"https:\/\/dffl.dk\/index.php?rest_route=\/wp\/v2\/pages\/100\/revisions\/105"}],"wp:attachment":[{"href":"https:\/\/dffl.dk\/index.php?rest_route=%2Fwp%2Fv2%2Fmedia&parent=100"}],"curies":[{"name":"wp","href":"https:\/\/api.w.org\/{rel}","templated":true}]}}